{"id":80,"date":"2013-11-06T17:55:51","date_gmt":"2013-11-06T16:55:51","guid":{"rendered":"http:\/\/amap-pleurtuit.fr\/amapachamama\/?page_id=80"},"modified":"2023-05-06T14:14:52","modified_gmt":"2023-05-06T12:14:52","slug":"adhesion-poulet-oeufs","status":"publish","type":"page","link":"https:\/\/amap-pleurtuit.fr\/amapachamama\/adhesion\/adhesion-poulet-oeufs\/","title":{"rendered":"Adh\u00e9sion Poulet Oeufs"},"content":{"rendered":"\n<p>Voici le formulaire d&rsquo;adh\u00e9sion&nbsp; Poulets\/Oeufs pour la <strong>saison \u00e9t\u00e9 2023<\/strong> : Vous pouvez librement choisir les produits que vous d\u00e9sirez \u00e0 chaque distribution.<\/p>\n\n\n\n<p>&#8212;&#8212;&#8212;&#8212;&#8212;&#8212;&#8212;&#8212;&#8212;&#8212;&#8212;&#8211; <a href=\"https:\/\/amap-pleurtuit.fr\/amapachamama\/wp-content\/uploads\/2023\/05\/Adhesion_Oeuf_Poulet_Ete_2023.pdf\" target=\"_blank\" rel=\"noreferrer noopener\">Adh\u00e9sion_Oeuf_Poulet_Ete_2023<\/a><\/p>\n\n\n\n<p>Voici le formulaire d&rsquo;adh\u00e9sion&nbsp; Poulets\/Oeufs pour la <strong>saison hiver 2022-2023<\/strong> : Vous pouvez librement choisir les produits que vous d\u00e9sirez \u00e0 chaque distribution.<\/p>\n\n\n\n<p>&#8212;&#8212;&#8212;&#8212;&#8212;&#8212;&#8212;&#8212;&#8212;&#8212;&#8212;&#8211; <a href=\"https:\/\/amap-pleurtuit.fr\/amapachamama\/wp-content\/uploads\/2023\/05\/Adhesion_Oeuf_Poulet_Hiver_2022-2023.pdf\" target=\"_blank\" rel=\"noreferrer noopener\">Adh\u00e9sion_Oeuf_Poulet_Hiver_2022-2023<\/a><\/p>\n\n\n\n<p>Voici le formulaire d&rsquo;adh\u00e9sion&nbsp; Poulets\/Oeufs pour la <strong>saison \u00e9t\u00e9 2022<\/strong> : Vous pouvez librement choisir les produits que vous d\u00e9sirez \u00e0 chaque distribution.<\/p>\n\n\n\n<p>&#8212;&#8212;&#8212;&#8212;&#8212;&#8212;&#8212;&#8212;&#8212;&#8212;&#8212;&#8211; <a href=\"https:\/\/amap-pleurtuit.fr\/amapachamama\/wp-content\/uploads\/2022\/03\/Adhesion_Oeuf_Poulet_Ete_2022.pdf\" target=\"_blank\" rel=\"noopener\">Adh\u00e9sion_Oeuf_Poulet_Et\u00e9_2022<\/a><\/p>\n\n\n\n<p>Voici le formulaire d&rsquo;adh\u00e9sion&nbsp; Poulets\/Oeufs pour la <strong>saison hiver 2021-2022<\/strong> : Vous pouvez librement choisir les produits que vous d\u00e9sirez \u00e0 chaque distribution.<\/p>\n\n\n\n<p>&#8212;&#8212;&#8212;&#8212;&#8212;&#8212;&#8212;&#8212;&#8212;&#8212;&#8212;&#8211; <a href=\"https:\/\/amap-pleurtuit.fr\/amapachamama\/wp-content\/uploads\/2021\/09\/Adhesion_Oeuf_Poulet_Hiver_2021-2022.pdf\" target=\"_blank\" rel=\"noopener\">Adh\u00e9sion_Oeuf_Poulet_Hiver_2021-2022<\/a><\/p>\n\n\n\n<p>Voici le formulaire d&rsquo;adh\u00e9sion&nbsp; Poulets\/Oeufs pour la <strong>saison \u00e9t\u00e9 2021<\/strong> : Vous pouvez librement choisir les produits que vous d\u00e9sirez \u00e0 chaque distribution.<\/p>\n\n\n\n<p>&#8212;&#8212;&#8212;&#8212;&#8212;&#8212;&#8212;&#8212;&#8212;&#8212;&#8212;&#8211; <a href=\"https:\/\/amap-pleurtuit.fr\/amapachamama\/wp-content\/uploads\/2021\/08\/Adhesion_Oeuf_Poulet_Ete_2021.pdf\" target=\"_blank\" rel=\"noopener\">Adh\u00e9sion_Oeuf_Poulet_Et\u00e9_2021<\/a><\/p>\n\n\n\n<p>Voici le formulaire d&rsquo;adh\u00e9sion&nbsp; Poulets\/Oeufs pour la <strong>saison hiver 2020-2021<\/strong> : Vous pouvez librement choisir les produits que vous d\u00e9sirez \u00e0 chaque distribution.<\/p>\n\n\n\n<p>&#8212;&#8212;&#8212;&#8212;&#8212;&#8212;&#8212;&#8212;&#8212;&#8212;&#8212;&#8211; <a href=\"https:\/\/amap-pleurtuit.fr\/amapachamama\/wp-content\/uploads\/2020\/08\/Adhesion_Oeuf_Poulet_Hiver_2020_2021.pdf\" target=\"_blank\" rel=\"noopener noreferrer\">Adh\u00e9sion_Oeuf_Poulet_Hiver_2020_2021<\/a><\/p>\n\n\n\n<p>Voici le formulaire d&rsquo;adh\u00e9sion&nbsp; Poulets\/Oeufs pour la <strong>saison \u00e9t\u00e9 2020<\/strong> : Vous pouvez librement choisir les produits que vous d\u00e9sirez \u00e0 chaque distribution.<\/p>\n\n\n\n<p>&#8212;&#8212;&#8212;&#8212;&#8212;&#8212;&#8212;&#8212;&#8212;&#8212;&#8212;&#8211; <a href=\"https:\/\/amap-pleurtuit.fr\/amapachamama\/wp-content\/uploads\/2020\/02\/Adh\u00e9sion_Oeuf_Poulet_Et\u00e9_2020.pdf\" target=\"_blank\" rel=\"noopener noreferrer\">Adh\u00e9sion_Oeuf_Poulet_Et\u00e9_2020<\/a><\/p>\n\n\n\n<p>Voici le formulaire d&rsquo;adh\u00e9sion&nbsp; Poulets\/Oeufs pour la saison hiver 2019-2020, ainsi que le formulaire volailles pour la fin d&rsquo;ann\u00e9e 2019 : Vous pouvez, dans les 2 cas, librement choisir les produits que vous d\u00e9sirez \u00e0 chaque distribution.<\/p>\n\n\n\n<p>&#8212;&#8212;&#8212;&#8212;&#8212;&#8212;&#8212;&#8212;&#8212;&#8212;&#8212;&#8211;<a href=\"https:\/\/amap-pleurtuit.fr\/amapachamama\/wp-content\/uploads\/2019\/08\/Adh\u00e9sion_Oeuf_Poulet_Hiver_2019-2020.pdf\" target=\"_blank\" rel=\"noopener noreferrer\">Adh\u00e9sion_Oeuf_Poulet_Hiver_2019-2020<\/a><\/p>\n\n\n\n<p>&#8212;&#8212;&#8212;&#8212;&#8212;&#8212;&#8212;&#8212;&#8212;&#8212;&#8212;&#8211;<a href=\"https:\/\/amap-pleurtuit.fr\/amapachamama\/wp-content\/uploads\/2019\/08\/Adh\u00e9sion_Oeuf_Poulet_Hiver_Fin_Annee_2019.pdf\" target=\"_blank\" rel=\"noopener noreferrer\">Adh\u00e9sion_Oeuf_Poulet_Hiver_Fin_Annee_2019<\/a><\/p>\n\n\n\n<p><em>La distribution sp\u00e9ciale de fin d&rsquo;ann\u00e9e aura lieu ente le 21 et le 23 d\u00e9cembre, la date sera communiqu\u00e9e plusieurs jours \u00e0 l&rsquo;avance. Les prix indiqu\u00e9s pour les dindes, oies et chapons ne sont que des acomptes, le solde, qui sera plus important compte tenu du poids des volailles, sera \u00e0 r\u00e9gler le jour de la distribution.<\/em><\/p>\n\n\n\n<p>Voici le formulaire d&rsquo;adh\u00e9sion&nbsp; Poulets\/Oeufs pour la saison \u00e9t\u00e9 2019 :<\/p>\n\n\n\n<p>&#8212;&#8212;&#8212;&#8212;&#8212;&#8212;&#8212;&#8212;&#8212;&#8212;&#8212;&#8211;<a href=\"http:\/\/amap-pleurtuit.fr\/amapachamama\/wp-content\/uploads\/2019\/04\/Adh\u00e9sion_Oeuf_Poulet_Et\u00e9_2019.pdf\">Adh\u00e9sion_Oeuf_Poulet_Et\u00e9_2019<\/a><\/p>\n\n\n\n<p>Voici le formulaire d&rsquo;adh\u00e9sion&nbsp; Poulets\/Oeufs pour la saison hiver 2018-2019 :<\/p>\n\n\n\n<p>&#8212;&#8212;&#8212;&#8212;&#8212;&#8212;&#8212;&#8212;&#8212;&#8212;&#8212;&#8211; <a href=\"http:\/\/amap-pleurtuit.fr\/amapachamama\/wp-content\/uploads\/2018\/09\/Adh\u00e9sion_Oeuf_Poulet_Hiver_2018-2019.pdf\" target=\"_blank\" rel=\"noopener noreferrer\">Adh\u00e9sion_Oeuf_Poulet_Hiver_2018-2019<\/a><\/p>\n\n\n\n<p>Voici le formulaire d&rsquo;adh\u00e9sion&nbsp; Poulets\/Oeufs pour la saison \u00e9t\u00e9 2018 :<\/p>\n\n\n\n<p>&#8212;&#8212;&#8212;&#8212;&#8212;&#8212;&#8212;&#8212;&#8212;&#8212;&#8212;&#8211; <a href=\"http:\/\/amap-pleurtuit.fr\/amapachamama\/wp-content\/uploads\/2018\/04\/adh\u00e9sion-oeuf-poulet-\u00e9t\u00e9-2018.pdf\" target=\"_blank\" rel=\"noopener noreferrer\">adh\u00e9sion oeuf poulet \u00e9t\u00e9 2018<\/a><\/p>\n\n\n\n<p>Voici le formulaire d&rsquo;adh\u00e9sion&nbsp; Poulets\/Oeufs pour la saison hiver 2017-2018 :<\/p>\n\n\n\n<p>&#8212;&#8212;&#8212;&#8212;&#8212;&#8212;&#8212;&#8212;&#8212;&#8212;&#8212;&#8212;&#8211; <a href=\"http:\/\/amap-pleurtuit.fr\/amapachamama\/wp-content\/uploads\/2013\/11\/Adh\u00e9sion_OeufsPoulets_Hiver_2017-2018.pdf\" target=\"_blank\" rel=\"noopener noreferrer\">Adh\u00e9sion_OeufsPoulets_Hiver_2017-2018<\/a><\/p>\n\n\n\n<p>Voici le formulaire d&rsquo;adh\u00e9sion&nbsp; Poulets\/Oeufs pour la saison \u00e9t\u00e9 2017 :<\/p>\n\n\n\n<p>&#8212;&#8212;&#8212;&#8212;&#8212;&#8212;&#8212;&#8212;&#8212;&#8212;&#8212;&#8212;&#8211; <a href=\"http:\/\/amap-pleurtuit.fr\/amapachamama\/wp-content\/uploads\/2013\/11\/Adh\u00e9sion_oeuf_poulet_Ete_2017.pdf\" target=\"_blank\" rel=\"noopener noreferrer\">Adh\u00e9sion_oeuf_poulet_Ete_2017<\/a><\/p>\n\n\n\n<p>Voici le formulaire d&rsquo;adh\u00e9sion&nbsp; Poulets pour la saison hiver 2016-2017 :<\/p>\n\n\n\n<p>&#8212;&#8212;&#8212;&#8212;&#8212;&#8212;&#8212;&#8212;&#8212;&#8212;&#8212;&#8212;&#8211;&nbsp; <a href=\"http:\/\/amap-pleurtuit.fr\/amapachamama\/wp-content\/uploads\/2013\/11\/Adh\u00e9sion_oeuf_poulet_Hiver_2016-2017.pdf\" target=\"_blank\" rel=\"noopener noreferrer\">Adh\u00e9sion_oeuf_poulet_Hiver_2016-2017<\/a><\/p>\n\n\n\n<p>Voici le formulaire d&rsquo;adh\u00e9sion&nbsp; Poulets pour la saison \u00e9t\u00e9 2016 :<\/p>\n\n\n\n<p>&#8212;&#8212;&#8212;&#8212;&#8212;&#8212;&#8212;&#8212;&#8212;&#8212;&#8212;&#8212;&#8211;&nbsp;&nbsp; <a href=\"http:\/\/amap-pleurtuit.fr\/amapachamama\/wp-content\/uploads\/2013\/11\/adh\u00e9sion_oeuf_poulet_\u00e9t\u00e9_2016.pdf\" target=\"_blank\" rel=\"noopener noreferrer\">adh\u00e9sion_oeuf_poulet_\u00e9t\u00e9_2016<\/a><\/p>\n\n\n\n<p>Reprise de la distribution d\u2019\u0153ufs.(Sur le formulaire, en d\u00e9but en ce qui concerne les \u0153ufs , il faut remplacer la date du 2 juin par celle du 28 juin).<\/p>\n\n\n\n<p>Ci-apr\u00e8s l&rsquo;ancien formulaire de la saison hiver 2015-2016 :<\/p>\n\n\n\n<p>&#8212;&#8212;&#8212;&#8212;&#8212;&#8212;&#8212;&#8212;&#8212;&#8212;&#8212;&#8212;&#8211;&nbsp;&nbsp; <a href=\"http:\/\/amap-pleurtuit.fr\/amapachamama\/wp-content\/uploads\/2013\/11\/adh\u00e9sion_poulet_hiver_2015.pdf\" target=\"_blank\" rel=\"noopener noreferrer\">adh\u00e9sion_poulet_hiver_2015<\/a><\/p>\n\n\n\n<p>Thibault propose au prix de 9,00\u20ac ses petites pondeuses qui vont finir leur existence en Poule au Pot&#8230; Elles sont livr\u00e9es pr\u00eates \u00e0 cuire. La nouvelle bande de poules pondeuses va passer de la nursery au pr\u00e9 &#8230; il nous faudra attendre 2-3 mois avant de retrouver des oeufs bio de qualit\u00e9&#8230; le contrat oeufs vous sera donc propos\u00e9 plus tard ( vraisemblablement en 2016).&nbsp; Nouveaut\u00e9 :&nbsp; Pour ceux qui trouvent qu&rsquo;une livraison toutes les trois semaines c&rsquo;est trop &#8230; vous avez la possibilit\u00e9 de choisir le nombre de volailles Petit ou gros poulet pintade&nbsp; et la date de livraison avec la formule Contrat libre.<\/p>\n\n\n\n<p>Ci-apr\u00e8s l&rsquo;ancien formulaire de la saison \u00e9t\u00e9 2015 :<\/p>\n\n\n\n<p>&#8212;&#8212;&#8212;&#8212;&#8212;&#8212;&#8212;&#8212;&#8212;&#8212;&#8212;&#8212;&#8211;&nbsp;&nbsp;&nbsp; <a href=\"http:\/\/amap-pleurtuit.fr\/amapachamama\/wp-content\/uploads\/2013\/11\/adh\u00e9sion_oeuf_poulet_\u00e9t\u00e9_2015.pdf\" target=\"_blank\" rel=\"noopener noreferrer\">adh\u00e9sion_oeuf_poulet_\u00e9t\u00e9_2015<\/a><\/p>\n\n\n\n<p>&#8212; A noter la nouveaut\u00e9 concernant la production de <strong>pintades<\/strong> que vous pouvez commander, la date de livraison n&rsquo;\u00e9tant pas encore fix\u00e9e.<\/p>\n\n\n\n<p>Ci-apr\u00e8s l&rsquo;ancien formulaire de la saison hiver 2014-2015<\/p>\n\n\n\n<p>&#8212;&#8212;&#8212;&#8212;&#8212;&#8212;&#8212;&#8212;&#8212;&#8212;&#8212;&#8212;-&nbsp; &nbsp; <a href=\"http:\/\/amap-pleurtuit.fr\/amapachamama\/wp-content\/uploads\/2013\/11\/adh\u00e9sion-oeuf-poulet-Hiver-2014-2015.pdf\" target=\"_blank\" rel=\"noopener noreferrer\">adh\u00e9sion_oeuf_poulet_Hiver_2014-2015<\/a><\/p>\n\n\n\n<p>Les livraisons ont lieu <strong>toutes les trois semaines<\/strong> le mardi de 18h15 \u00e0 19h30. Voir le calendrier des distributions &nbsp;&nbsp; : &nbsp; &nbsp; <a title=\"Calendrier Distributions\" href=\"http:\/\/amap-pleurtuit.fr\/amapachamama\/adhesion\/calendrier-distributions\/\" target=\"_blank\" rel=\"noopener noreferrer\">Calendrier Distributions<\/a><\/p>\n\n\n\n<p>Le contrat Hiver 2014-2015 d\u00e9bute le 28 octobre 2014 et s&rsquo;ach\u00e8ve le 05 mai 2015. Celui de la saison \u00e9t\u00e9 2015 d\u00e9butera l e mardi 26 mai 2015 pour s&rsquo;achever le 29 septembre 2015.<\/p>\n","protected":false},"excerpt":{"rendered":"<p>Voici le formulaire d&rsquo;adh\u00e9sion&nbsp; Poulets\/Oeufs pour la saison \u00e9t\u00e9 2023 : Vous pouvez librement choisir les produits que vous d\u00e9sirez \u00e0 chaque distribution. &#8212;&#8212;&#8212;&#8212;&#8212;&#8212;&#8212;&#8212;&#8212;&#8212;&#8212;&#8211; Adh\u00e9sion_Oeuf_Poulet_Ete_2023 Voici le formulaire d&rsquo;adh\u00e9sion&nbsp; Poulets\/Oeufs pour la saison hiver 2022-2023 : Vous pouvez librement choisir les produits que vous d\u00e9sirez \u00e0 chaque distribution. &#8212;&#8212;&#8212;&#8212;&#8212;&#8212;&#8212;&#8212;&#8212;&#8212;&#8212;&#8211; Adh\u00e9sion_Oeuf_Poulet_Hiver_2022-2023 Voici le formulaire d&rsquo;adh\u00e9sion&nbsp; Poulets\/Oeufs &hellip; <a href=\"https:\/\/amap-pleurtuit.fr\/amapachamama\/adhesion\/adhesion-poulet-oeufs\/\" class=\"more-link\">Continuer la lecture de <span class=\"screen-reader-text\">Adh\u00e9sion Poulet Oeufs<\/span> <span class=\"meta-nav\">&rarr;<\/span><\/a><\/p>\n","protected":false},"author":2,"featured_media":0,"parent":24,"menu_order":40,"comment_status":"closed","ping_status":"open","template":"","meta":{"footnotes":""},"class_list":["post-80","page","type-page","status-publish","hentry"],"_links":{"self":[{"href":"https:\/\/amap-pleurtuit.fr\/amapachamama\/wp-json\/wp\/v2\/pages\/80","targetHints":{"allow":["GET"]}}],"collection":[{"href":"https:\/\/amap-pleurtuit.fr\/amapachamama\/wp-json\/wp\/v2\/pages"}],"about":[{"href":"https:\/\/amap-pleurtuit.fr\/amapachamama\/wp-json\/wp\/v2\/types\/page"}],"author":[{"embeddable":true,"href":"https:\/\/amap-pleurtuit.fr\/amapachamama\/wp-json\/wp\/v2\/users\/2"}],"replies":[{"embeddable":true,"href":"https:\/\/amap-pleurtuit.fr\/amapachamama\/wp-json\/wp\/v2\/comments?post=80"}],"version-history":[{"count":46,"href":"https:\/\/amap-pleurtuit.fr\/amapachamama\/wp-json\/wp\/v2\/pages\/80\/revisions"}],"predecessor-version":[{"id":1220,"href":"https:\/\/amap-pleurtuit.fr\/amapachamama\/wp-json\/wp\/v2\/pages\/80\/revisions\/1220"}],"up":[{"embeddable":true,"href":"https:\/\/amap-pleurtuit.fr\/amapachamama\/wp-json\/wp\/v2\/pages\/24"}],"wp:attachment":[{"href":"https:\/\/amap-pleurtuit.fr\/amapachamama\/wp-json\/wp\/v2\/media?parent=80"}],"curies":[{"name":"wp","href":"https:\/\/api.w.org\/{rel}","templated":true}]}}