{"id":793,"date":"2019-08-29T19:17:14","date_gmt":"2019-08-29T17:17:14","guid":{"rendered":"https:\/\/amap-pleurtuit.fr\/amapachamama\/?page_id=793"},"modified":"2022-09-02T15:15:01","modified_gmt":"2022-09-02T13:15:01","slug":"adhesion-pommes","status":"publish","type":"page","link":"https:\/\/amap-pleurtuit.fr\/amapachamama\/adhesion\/adhesion-pommes\/","title":{"rendered":"Adh\u00e9sion Pommes et Jus de Pommes"},"content":{"rendered":"<p>Voici le formulaire d&rsquo;adh\u00e9sion Pommes et Jus de Pommes de la <strong>saison hiver 2022-2023<\/strong>, vous pouvez choisir les produits que vous voulez aux dates que vous voulez :<\/p>\n<p>&#8212;&#8212;&#8212;&#8212;&#8212;&#8212;&#8212;&#8212;&#8212;&#8212; <a href=\"https:\/\/amap-pleurtuit.fr\/amapachamama\/wp-content\/uploads\/2022\/09\/Adhesion_Pommes_Automne-Hiver_2022-2023.pdf\" target=\"_blank\" rel=\"noopener\">Adhesion_Pommes_Automne-Hiver_2022-2023<\/a><\/p>\n<p>Voici le formulaire d&rsquo;adh\u00e9sion Pommes et Jus de Pommes de la <strong>saison hiver 2021-2022<\/strong>, vous pouvez choisir les produits que vous voulez aux dates que vous voulez :<\/p>\n<p>&#8212;&#8212;&#8212;&#8212;&#8212;&#8212;&#8212;&#8212;&#8212;&#8212; <a href=\"https:\/\/amap-pleurtuit.fr\/amapachamama\/wp-content\/uploads\/2021\/08\/Adhesion_Pommes_Hiver-2021-2022.pdf\" target=\"_blank\" rel=\"noopener\">Adh\u00e9sion_Pommes_Hiver 2021-2022<\/a><\/p>\n<p>Voici le formulaire d&rsquo;adh\u00e9sion Pommes et Jus de Pommes de la <strong>saison hiver 2020-2021<\/strong>, vous pouvez choisir les produits que vous voulez aux dates que vous voulez :<\/p>\n<p>&#8212;&#8212;&#8212;&#8212;&#8212;&#8212;&#8212;&#8212;&#8212;&#8212; <a href=\"https:\/\/amap-pleurtuit.fr\/amapachamama\/wp-content\/uploads\/2020\/08\/Adhesion_Pommes_Hiver_2020-2021.pdf\" target=\"_blank\" rel=\"noopener noreferrer\">Adh\u00e9sion_Pommes_Hiver_2020-2021<\/a><\/p>\n<p>Voici le formulaire d&rsquo;adh\u00e9sion Pommes et Jus de Pommes de la <strong>saison hiver 2019-2020<\/strong>, vous pouvez choisir les produits que vous voulez aux dates que vous voulez :<\/p>\n<p>&#8212;&#8212;&#8212;&#8212;&#8212;&#8212;&#8212;&#8212;&#8212;&#8212; <a href=\"https:\/\/amap-pleurtuit.fr\/amapachamama\/wp-content\/uploads\/2019\/08\/Adh\u00e9sion_Pommes_Hiver_2019-2020.pdf\" target=\"_blank\" rel=\"noopener noreferrer\">Adh\u00e9sion_Pommes_Hiver_2019-2020<\/a><\/p>\n<p><!--StartFragment--><\/p>\n<p><!--EndFragment--><\/p>\n\n\n<p><em>Les dates de distribution pr\u00e9vues sont le 8 octobre et le 10 d\u00e9cembre, une ou deux autres distributions pourraient avoir lieu d\u00e9but 2020 suivant la r\u00e9colte et vos besoins. Les produits propos\u00e9s peuvent \u00e9voluer suivant la qualit\u00e9 et la quantit\u00e9 de la r\u00e9colte. Peut \u00eatre y aura t&rsquo;il des poires ??? <\/em><\/p>\n\n\n\n<p><\/p>\n","protected":false},"excerpt":{"rendered":"<p>Voici le formulaire d&rsquo;adh\u00e9sion Pommes et Jus de Pommes de la saison hiver 2022-2023, vous pouvez choisir les produits que vous voulez aux dates que vous voulez : &#8212;&#8212;&#8212;&#8212;&#8212;&#8212;&#8212;&#8212;&#8212;&#8212; Adhesion_Pommes_Automne-Hiver_2022-2023 Voici le formulaire d&rsquo;adh\u00e9sion Pommes et Jus de Pommes de la saison hiver 2021-2022, vous pouvez choisir les produits que vous voulez aux dates que &hellip; <a href=\"https:\/\/amap-pleurtuit.fr\/amapachamama\/adhesion\/adhesion-pommes\/\" class=\"more-link\">Continuer la lecture de <span class=\"screen-reader-text\">Adh\u00e9sion Pommes et Jus de Pommes<\/span> <span class=\"meta-nav\">&rarr;<\/span><\/a><\/p>\n","protected":false},"author":2,"featured_media":0,"parent":24,"menu_order":0,"comment_status":"closed","ping_status":"closed","template":"","meta":{"footnotes":""},"class_list":["post-793","page","type-page","status-publish","hentry"],"_links":{"self":[{"href":"https:\/\/amap-pleurtuit.fr\/amapachamama\/wp-json\/wp\/v2\/pages\/793","targetHints":{"allow":["GET"]}}],"collection":[{"href":"https:\/\/amap-pleurtuit.fr\/amapachamama\/wp-json\/wp\/v2\/pages"}],"about":[{"href":"https:\/\/amap-pleurtuit.fr\/amapachamama\/wp-json\/wp\/v2\/types\/page"}],"author":[{"embeddable":true,"href":"https:\/\/amap-pleurtuit.fr\/amapachamama\/wp-json\/wp\/v2\/users\/2"}],"replies":[{"embeddable":true,"href":"https:\/\/amap-pleurtuit.fr\/amapachamama\/wp-json\/wp\/v2\/comments?post=793"}],"version-history":[{"count":13,"href":"https:\/\/amap-pleurtuit.fr\/amapachamama\/wp-json\/wp\/v2\/pages\/793\/revisions"}],"predecessor-version":[{"id":1160,"href":"https:\/\/amap-pleurtuit.fr\/amapachamama\/wp-json\/wp\/v2\/pages\/793\/revisions\/1160"}],"up":[{"embeddable":true,"href":"https:\/\/amap-pleurtuit.fr\/amapachamama\/wp-json\/wp\/v2\/pages\/24"}],"wp:attachment":[{"href":"https:\/\/amap-pleurtuit.fr\/amapachamama\/wp-json\/wp\/v2\/media?parent=793"}],"curies":[{"name":"wp","href":"https:\/\/api.w.org\/{rel}","templated":true}]}}