{"id":73,"date":"2013-11-06T17:48:26","date_gmt":"2013-11-06T16:48:26","guid":{"rendered":"http:\/\/amap-pleurtuit.fr\/amapachamama\/?page_id=73"},"modified":"2025-08-29T18:59:18","modified_gmt":"2025-08-29T16:59:18","slug":"ca-et-bureau","status":"publish","type":"page","link":"https:\/\/amap-pleurtuit.fr\/amapachamama\/association\/ca-et-bureau\/","title":{"rendered":"CA et Bureau"},"content":{"rendered":"<p>Le Conseil d&rsquo;administration et le Bureau de l&rsquo;AMAP de Pleurtuit \u00ab\u00a0AMAPachamama\u00a0\u00bb\u00a0 ont la m\u00eame composition :<\/p>\n<p>Pr\u00e9sidente\u00a0 \u00a0 \u00a0 \u00a0 \u00a0 \u00a0 \u00a0 \u00a0 \u00a0 \u00a0 \u00a0 \u00a0 \u00a0 \u00a0 Mme TANGUY Christine<\/p>\n<p>&#8211;\u00a0\u00a0\u00a0\u00a0\u00a0\u00a0\u00a0\u00a0\u00a0\u00a0\u00a0\u00a0\u00a0\u00a0\u00a0\u00a0\u00a0\u00a0\u00a0\u00a0\u00a0\u00a0\u00a0\u00a0\u00a0\u00a0\u00a0\u00a0\u00a0\u00a0\u00a0\u00a0\u00a0\u00a0\u00a0\u00a0\u00a0\u00a0\u00a0\u00a0\u00a0\u00a0\u00a0\u00a0\u00a0\u00a0\u00a0\u00a0\u00a0\u00a0\u00a0 (r\u00e9f\u00e9rente aupr\u00e8s de la productrice de Pain)<\/p>\n<p>Vice-Pr\u00e9sidente\u00a0 \u00a0 \u00a0 \u00a0 \u00a0 \u00a0 \u00a0 \u00a0 \u00a0 \u00a0Mme NION Catherine<\/p>\n<p>&#8211;\u00a0\u00a0\u00a0\u00a0\u00a0\u00a0\u00a0\u00a0\u00a0\u00a0\u00a0\u00a0\u00a0\u00a0\u00a0\u00a0\u00a0\u00a0\u00a0\u00a0\u00a0\u00a0\u00a0\u00a0\u00a0\u00a0\u00a0\u00a0\u00a0\u00a0\u00a0\u00a0\u00a0\u00a0\u00a0\u00a0\u00a0\u00a0\u00a0\u00a0\u00a0\u00a0\u00a0\u00a0\u00a0\u00a0\u00a0\u00a0\u00a0\u00a0\u00a0\u00a0 (r\u00e9f\u00e9rente aupr\u00e8s de la productrice de Volailles et Galettes)<\/p>\n<p>Secr\u00e9taire\u00a0 \u00a0 \u00a0 \u00a0 \u00a0 \u00a0 \u00a0 \u00a0 \u00a0 \u00a0 \u00a0 \u00a0 \u00a0 \u00a0Mme\u00a0\u00a0\u00a0 FORTIN Maryse<\/p>\n<p>&#8211;\u00a0\u00a0\u00a0\u00a0\u00a0\u00a0\u00a0\u00a0\u00a0\u00a0\u00a0\u00a0\u00a0\u00a0\u00a0\u00a0\u00a0\u00a0\u00a0\u00a0\u00a0\u00a0\u00a0\u00a0\u00a0\u00a0\u00a0\u00a0\u00a0\u00a0\u00a0\u00a0\u00a0\u00a0\u00a0\u00a0\u00a0\u00a0\u00a0\u00a0\u00a0\u00a0\u00a0\u00a0\u00a0\u00a0\u00a0\u00a0\u00a0\u00a0\u00a0\u00a0 (r\u00e9f\u00e9rente aupr\u00e8s des producteurs de Pommes et fruits)<\/p>\n<p>Tr\u00e9soriere \u00a0\u00a0\u00a0\u00a0\u00a0\u00a0\u00a0\u00a0\u00a0\u00a0\u00a0\u00a0\u00a0\u00a0\u00a0\u00a0\u00a0\u00a0\u00a0\u00a0\u00a0\u00a0 \u00a0 \u00a0 Mme BEGLIN Liliane<\/p>\n<p>&#8211;<\/p>\n<p>Membres Actifs\u00a0 \u00a0 \u00a0 \u00a0 \u00a0 \u00a0 \u00a0 \u00a0 \u00a0 Mme LELOUP Marine,\u00a0Mr TOUDIC Jean-Paul,\u00a0 \u00a0 \u00a0 \u00a0 \u00a0 \u00a0 \u00a0 \u00a0 \u00a0 \u00a0 \u00a0 \u00a0 \u00a0 \u00a0 \u00a0 \u00a0 \u00a0 \u00a0 \u00a0 \u00a0 \u00a0 \u00a0 \u00a0 \u00a0 \u00a0 \u00a0 \u00a0 \u00a0 \u00a0 \u00a0 \u00a0Mr CROSNIER Romain, Mr BUCHON Jean-Jacques<\/p>\n<p>&nbsp;<\/p>\n","protected":false},"excerpt":{"rendered":"<p>Le Conseil d&rsquo;administration et le Bureau de l&rsquo;AMAP de Pleurtuit \u00ab\u00a0AMAPachamama\u00a0\u00bb\u00a0 ont la m\u00eame composition : Pr\u00e9sidente\u00a0 \u00a0 \u00a0 \u00a0 \u00a0 \u00a0 \u00a0 \u00a0 \u00a0 \u00a0 \u00a0 \u00a0 \u00a0 \u00a0 Mme TANGUY Christine &#8211;\u00a0\u00a0\u00a0\u00a0\u00a0\u00a0\u00a0\u00a0\u00a0\u00a0\u00a0\u00a0\u00a0\u00a0\u00a0\u00a0\u00a0\u00a0\u00a0\u00a0\u00a0\u00a0\u00a0\u00a0\u00a0\u00a0\u00a0\u00a0\u00a0\u00a0\u00a0\u00a0\u00a0\u00a0\u00a0\u00a0\u00a0\u00a0\u00a0\u00a0\u00a0\u00a0\u00a0\u00a0\u00a0\u00a0\u00a0\u00a0\u00a0\u00a0\u00a0 (r\u00e9f\u00e9rente aupr\u00e8s de la productrice de Pain) Vice-Pr\u00e9sidente\u00a0 \u00a0 \u00a0 \u00a0 \u00a0 \u00a0 \u00a0 \u00a0 \u00a0 \u00a0Mme NION Catherine &#8211;\u00a0\u00a0\u00a0\u00a0\u00a0\u00a0\u00a0\u00a0\u00a0\u00a0\u00a0\u00a0\u00a0\u00a0\u00a0\u00a0\u00a0\u00a0\u00a0\u00a0\u00a0\u00a0\u00a0\u00a0\u00a0\u00a0\u00a0\u00a0\u00a0\u00a0\u00a0\u00a0\u00a0\u00a0\u00a0\u00a0\u00a0\u00a0\u00a0\u00a0\u00a0\u00a0\u00a0\u00a0\u00a0\u00a0\u00a0\u00a0\u00a0\u00a0\u00a0\u00a0 (r\u00e9f\u00e9rente &hellip; <a href=\"https:\/\/amap-pleurtuit.fr\/amapachamama\/association\/ca-et-bureau\/\" class=\"more-link\">Continuer la lecture de <span class=\"screen-reader-text\">CA et Bureau<\/span> <span class=\"meta-nav\">&rarr;<\/span><\/a><\/p>\n","protected":false},"author":2,"featured_media":0,"parent":70,"menu_order":20,"comment_status":"closed","ping_status":"open","template":"","meta":{"footnotes":""},"class_list":["post-73","page","type-page","status-publish","hentry"],"_links":{"self":[{"href":"https:\/\/amap-pleurtuit.fr\/amapachamama\/wp-json\/wp\/v2\/pages\/73","targetHints":{"allow":["GET"]}}],"collection":[{"href":"https:\/\/amap-pleurtuit.fr\/amapachamama\/wp-json\/wp\/v2\/pages"}],"about":[{"href":"https:\/\/amap-pleurtuit.fr\/amapachamama\/wp-json\/wp\/v2\/types\/page"}],"author":[{"embeddable":true,"href":"https:\/\/amap-pleurtuit.fr\/amapachamama\/wp-json\/wp\/v2\/users\/2"}],"replies":[{"embeddable":true,"href":"https:\/\/amap-pleurtuit.fr\/amapachamama\/wp-json\/wp\/v2\/comments?post=73"}],"version-history":[{"count":15,"href":"https:\/\/amap-pleurtuit.fr\/amapachamama\/wp-json\/wp\/v2\/pages\/73\/revisions"}],"predecessor-version":[{"id":1307,"href":"https:\/\/amap-pleurtuit.fr\/amapachamama\/wp-json\/wp\/v2\/pages\/73\/revisions\/1307"}],"up":[{"embeddable":true,"href":"https:\/\/amap-pleurtuit.fr\/amapachamama\/wp-json\/wp\/v2\/pages\/70"}],"wp:attachment":[{"href":"https:\/\/amap-pleurtuit.fr\/amapachamama\/wp-json\/wp\/v2\/media?parent=73"}],"curies":[{"name":"wp","href":"https:\/\/api.w.org\/{rel}","templated":true}]}}