{"id":524,"date":"2018-02-27T10:38:39","date_gmt":"2018-02-27T09:38:39","guid":{"rendered":"http:\/\/amap-pleurtuit.fr\/amapachamama\/?page_id=524"},"modified":"2018-02-27T10:38:39","modified_gmt":"2018-02-27T09:38:39","slug":"ag-2018","status":"publish","type":"page","link":"https:\/\/amap-pleurtuit.fr\/amapachamama\/association\/ag-2018\/","title":{"rendered":"AG 2018"},"content":{"rendered":"<p>La convocation \u00e0 l&rsquo;Assembl\u00e9e g\u00e9n\u00e9rale ordinaire a \u00e9t\u00e9 envoy\u00e9e aux adh\u00e9rents par mail. En voici une copie :<\/p>\n<p>&#8212;&#8212;&#8212;&#8212;&#8212;&#8212;&#8212;&#8212;&#8212;&#8212;&#8212;&#8212;&#8211;\u00a0 <a href=\"http:\/\/amap-pleurtuit.fr\/amapachamama\/wp-content\/uploads\/2018\/02\/convocation_AG_27_fevrier_2018.pdf\" target=\"_blank\" rel=\"noopener\">convocation_AG_27_fevrier_2018<\/a><\/p>\n<p>Vous y trouverez en deuxi\u00e8me page un pouvoir vous\u00a0 faire \u00e9ventuellement repr\u00e9senter et une d\u00e9claration de candidature au Conseil d&rsquo;administration, si vous \u00eates volontaires.<\/p>\n","protected":false},"excerpt":{"rendered":"<p>La convocation \u00e0 l&rsquo;Assembl\u00e9e g\u00e9n\u00e9rale ordinaire a \u00e9t\u00e9 envoy\u00e9e aux adh\u00e9rents par mail. En voici une copie : &#8212;&#8212;&#8212;&#8212;&#8212;&#8212;&#8212;&#8212;&#8212;&#8212;&#8212;&#8212;&#8211;\u00a0 convocation_AG_27_fevrier_2018 Vous y trouverez en deuxi\u00e8me page un pouvoir vous\u00a0 faire \u00e9ventuellement repr\u00e9senter et une d\u00e9claration de candidature au Conseil d&rsquo;administration, si vous \u00eates volontaires.<\/p>\n","protected":false},"author":2,"featured_media":0,"parent":70,"menu_order":0,"comment_status":"closed","ping_status":"closed","template":"","meta":{"footnotes":""},"class_list":["post-524","page","type-page","status-publish","hentry"],"_links":{"self":[{"href":"https:\/\/amap-pleurtuit.fr\/amapachamama\/wp-json\/wp\/v2\/pages\/524","targetHints":{"allow":["GET"]}}],"collection":[{"href":"https:\/\/amap-pleurtuit.fr\/amapachamama\/wp-json\/wp\/v2\/pages"}],"about":[{"href":"https:\/\/amap-pleurtuit.fr\/amapachamama\/wp-json\/wp\/v2\/types\/page"}],"author":[{"embeddable":true,"href":"https:\/\/amap-pleurtuit.fr\/amapachamama\/wp-json\/wp\/v2\/users\/2"}],"replies":[{"embeddable":true,"href":"https:\/\/amap-pleurtuit.fr\/amapachamama\/wp-json\/wp\/v2\/comments?post=524"}],"version-history":[{"count":1,"href":"https:\/\/amap-pleurtuit.fr\/amapachamama\/wp-json\/wp\/v2\/pages\/524\/revisions"}],"predecessor-version":[{"id":526,"href":"https:\/\/amap-pleurtuit.fr\/amapachamama\/wp-json\/wp\/v2\/pages\/524\/revisions\/526"}],"up":[{"embeddable":true,"href":"https:\/\/amap-pleurtuit.fr\/amapachamama\/wp-json\/wp\/v2\/pages\/70"}],"wp:attachment":[{"href":"https:\/\/amap-pleurtuit.fr\/amapachamama\/wp-json\/wp\/v2\/media?parent=524"}],"curies":[{"name":"wp","href":"https:\/\/api.w.org\/{rel}","templated":true}]}}