{"id":47,"date":"2013-11-04T15:19:18","date_gmt":"2013-11-04T14:19:18","guid":{"rendered":"http:\/\/amap-pleurtuit.fr\/amapachamama\/?page_id=47"},"modified":"2023-05-06T09:25:57","modified_gmt":"2023-05-06T07:25:57","slug":"adhesion-pain","status":"publish","type":"page","link":"https:\/\/amap-pleurtuit.fr\/amapachamama\/adhesion\/adhesion-pain\/","title":{"rendered":"Adh\u00e9sion Pain"},"content":{"rendered":"\n<p>Voici le formulaire d&rsquo;adh\u00e9sion Pain de la <strong>saison d&rsquo;\u00e9t\u00e9 2023<\/strong><\/p>\n\n\n\n<p>&#8212;&#8212;&#8212;&#8212;&#8212;&#8212;&#8212;&#8212;&#8212;&#8212;&#8212;&#8212;- <a href=\"https:\/\/amap-pleurtuit.fr\/amapachamama\/wp-content\/uploads\/2023\/05\/Adhesion_-Pains_Ete_2023.pdf\" target=\"_blank\" rel=\"noreferrer noopener\">Adh\u00e9sion_ Pains_Et\u00e9_2023<\/a><\/p>\n\n\n\n<p>Voici le formulaire d\u2019adh\u00e9sion Pain de la <strong>saison hiver 2022-2023<\/strong><\/p>\n\n\n\n<p>&#8212;&#8212;&#8212;&#8212;&#8212;&#8212;&#8212;&#8212;&#8212;&#8212;&#8212;&#8212;- <a href=\"https:\/\/amap-pleurtuit.fr\/amapachamama\/wp-content\/uploads\/2023\/05\/Adhesion_-Pains_Hiver_2022-2023.pdf\" target=\"_blank\" rel=\"noreferrer noopener\">Adh\u00e9sion_ Pains_Hiver_2022-2023<\/a><\/p>\n\n\n\n<p>Voici le formulaire d&rsquo;adh\u00e9sion Pain de la <strong>saison d&rsquo;\u00e9t\u00e9 2022<\/strong> :<\/p>\n\n\n\n<p>&#8212;&#8212;&#8212;&#8212;&#8212;&#8212;&#8212;&#8212;&#8212;&#8212;&#8212;&#8212;- <a href=\"https:\/\/amap-pleurtuit.fr\/amapachamama\/wp-content\/uploads\/2022\/09\/Adhesion_-Pains_Ete_2022.pdf\" target=\"_blank\" rel=\"noopener\">Adh\u00e9sion_ Pains_Et\u00e9_2022<\/a><\/p>\n\n\n\n<p>Voici le formulaire d&rsquo;adh\u00e9sion&nbsp; Pain de la <strong>saison hiver 2020-2021<\/strong><strong> :<\/strong><\/p>\n\n\n\n<p>&#8212;&#8212;&#8212;&#8212;&#8212;&#8212;&#8212;&#8212;&#8212;&#8212;&#8212;&#8212;&#8211; <a href=\"https:\/\/amap-pleurtuit.fr\/amapachamama\/wp-content\/uploads\/2020\/08\/Adhesion_Pain_Hiver_2020_2021.pdf\" target=\"_blank\" rel=\"noopener noreferrer\">Adh\u00e9sion_Pain_Hiver_2020_2021<\/a><\/p>\n\n\n\n<p><em>Avec ce bordereau vous pouvez commander tous les produits propos\u00e9s par Anne-Lise, y compris le pain de seigle, <\/em><em>soit pour chaque semaine pr\u00e9vue au calendrier (11 distributions), <\/em><em>soit pour chaque semaine o\u00f9 il y a une distribution de poulets\/\u0153ufs pr\u00e9vue au calendrier (4 distributions), <\/em><em>soit pour chaque semaine o\u00f9 il y a une distribution de fromages de ch\u00e8vre pr\u00e9vue au calendrier (5 distributions). <\/em><em>Vous pouvez cumuler les formules.<\/em><\/p>\n\n\n\n<p><em>Sur le site Internet de commandes amapj, vous ne pouvez souscrire que la premi\u00e8re formule pour 11 distributions. Vous devez passer par le papier pour les deux autres formules 4 et 5 distributions.<\/em><\/p>\n\n\n\n<p>Voici le formulaire d&rsquo;adh\u00e9sion&nbsp; Pain de la <strong>saison \u00e9t\u00e9 2020<\/strong><strong> :<\/strong><\/p>\n\n\n\n<p>&#8212;&#8212;&#8212;&#8212;&#8212;&#8212;&#8212;&#8212;&#8212;&#8212;&#8212;&#8212;&#8211; <a href=\"https:\/\/amap-pleurtuit.fr\/amapachamama\/wp-content\/uploads\/2020\/02\/Adh\u00e9sion_Pain_Et\u00e9_2020.pdf\" target=\"_blank\" rel=\"noopener noreferrer\">Adh\u00e9sion_Pain_Et\u00e9_2020<\/a><\/p>\n\n\n\n<p>Voici le formulaire d&rsquo;adh\u00e9sion&nbsp; Pain de la saison hiver 2019-2020 :<\/p>\n\n\n\n<p>&#8212;&#8212;&#8212;&#8212;&#8212;&#8212;&#8212;&#8212;&#8212;&#8212;&#8212;&#8212;&#8211;<a href=\"https:\/\/amap-pleurtuit.fr\/amapachamama\/wp-content\/uploads\/2019\/08\/Adh\u00e9sion_Pain_Hiver_2019-2020.pdf\" target=\"_blank\" rel=\"noopener noreferrer\">Adh\u00e9sion_Pain_Hiver_2019-2020<\/a><\/p>\n\n\n\n<p>Voici le formulaire d&rsquo;adh\u00e9sion&nbsp; Pain de la saison \u00e9t\u00e9 2019 :<\/p>\n\n\n\n<p>&#8212;&#8212;&#8212;&#8212;&#8212;&#8212;&#8212;&#8212;&#8212;&#8212;&#8212;&#8212;&#8211;<a href=\"http:\/\/amap-pleurtuit.fr\/amapachamama\/wp-content\/uploads\/2019\/04\/Adh\u00e9sion_Pain_Et\u00e9_2019.pdf\"> Adh\u00e9sion_Pain_Et\u00e9_2019<\/a><\/p>\n\n\n\n<p>Voici le formulaire d&rsquo;adh\u00e9sion&nbsp; Pain de la saison hiver 2018-2019 :<\/p>\n\n\n\n<p>&#8212;&#8212;&#8212;&#8212;&#8212;&#8212;&#8212;&#8212;&#8212;&#8212;&#8212;&#8212;&#8211;&nbsp;<a href=\"http:\/\/amap-pleurtuit.fr\/amapachamama\/wp-content\/uploads\/2018\/09\/Adh\u00e9sion_Pain_Hiver_2018-2019.pdf\" target=\"_blank\" rel=\"noopener noreferrer\">Adh\u00e9sion_Pain_Hiver_2018-2019<\/a><\/p>\n\n\n\n<p>Voici le formulaire d&rsquo;adh\u00e9sion&nbsp; Pain de la saison \u00e9t\u00e9 2018 :<\/p>\n\n\n\n<p>&#8212;&#8212;&#8212;&#8212;&#8212;&#8212;&#8212;&#8212;&#8212;&#8212;&#8212;&#8212;- <a href=\"http:\/\/amap-pleurtuit.fr\/amapachamama\/wp-content\/uploads\/2018\/07\/Adh\u00e9sion_Pain_Ete_2018.pdf\" target=\"_blank\" rel=\"noopener noreferrer\">Adh\u00e9sion_Pain_Ete_2018<\/a><\/p>\n\n\n\n<p>Voici le formulaire d&rsquo;adh\u00e9sion&nbsp; Pain de la saison hiver 2017-2018 :<strong><br><\/strong><\/p>\n\n\n\n<p>&#8212;&#8212;&#8212;&#8212;&#8212;&#8212;&#8212;&#8212;&#8212;&#8212;&#8212;&#8212;&#8211; <a href=\"http:\/\/amap-pleurtuit.fr\/amapachamama\/wp-content\/uploads\/2013\/11\/Adh\u00e9sion_Pain_Hiver_2017-2018.pdf\" target=\"_blank\" rel=\"noopener noreferrer\">Adh\u00e9sion_Pain_Hiver_2017-2018<\/a><\/p>\n\n\n\n<p>Voici le formulaire d&rsquo;adh\u00e9sion&nbsp; Pain de la saison \u00e9t\u00e9 2017 :<strong><br><\/strong><\/p>\n\n\n\n<p>&#8212;&#8212;&#8212;&#8212;&#8212;&#8212;&#8212;&#8212;&#8212;&#8212;&#8212;&#8212;&#8211; <a href=\"http:\/\/amap-pleurtuit.fr\/amapachamama\/wp-content\/uploads\/2013\/11\/Adh\u00e9sion_Pain_Ete_2017.pdf\" target=\"_blank\" rel=\"noopener noreferrer\">Adh\u00e9sion_Pain_Ete_2017<\/a><\/p>\n\n\n\n<p>Voici le formulaire d&rsquo;adh\u00e9sion&nbsp; Pain de la saison hiver 2016-2017 :<strong><br><\/strong><\/p>\n\n\n\n<p>&#8212;&#8212;&#8212;&#8212;&#8212;&#8212;&#8212;&#8212;&#8212;&#8212;&#8212;&#8212;&#8211;&nbsp; <a href=\"http:\/\/amap-pleurtuit.fr\/amapachamama\/wp-content\/uploads\/2013\/11\/Adh\u00e9sion_Pain_Hiver_2016-2017.pdf\" target=\"_blank\" rel=\"noopener noreferrer\">Adh\u00e9sion_Pain_Hiver_2016-2017<\/a><\/p>\n\n\n\n<p>Voici le formulaire d&rsquo;adh\u00e9sion&nbsp; Pain de la saison \u00e9t\u00e9 2016 :<strong><br><\/strong><\/p>\n\n\n\n<p>&#8212;&#8212;&#8212;&#8212;&#8212;&#8212;&#8212;&#8212;&#8212;&#8212;&#8212;&#8212;&#8211;&nbsp;&nbsp; <a href=\"http:\/\/amap-pleurtuit.fr\/amapachamama\/wp-content\/uploads\/2013\/11\/adh\u00e9sion_Pain_\u00e9t\u00e9_2016.pdf\" target=\"_blank\" rel=\"noopener noreferrer\">adh\u00e9sion_Pain_\u00e9t\u00e9_2016<\/a><\/p>\n\n\n\n<p>Ci-apr\u00e8s l&rsquo;ancien formulaire de la saison hiver 2015-2016 :<\/p>\n\n\n\n<p>&#8212;&#8212;&#8212;&#8212;&#8212;&#8212;&#8212;&#8212;&#8212;&#8212;&#8212;&#8212;&#8211;&nbsp;&nbsp;&nbsp; <a href=\"http:\/\/amap-pleurtuit.fr\/amapachamama\/wp-content\/uploads\/2013\/11\/adh\u00e9sion_Pain_hiver_2015.pdf\" target=\"_blank\" rel=\"noopener noreferrer\">adh\u00e9sion_Pain_hiver_2015<\/a><\/p>\n\n\n\n<p>Ci-apr\u00e8s l&rsquo;ancien formulaire de la saison \u00e9t\u00e9 2015<\/p>\n\n\n\n<p>&#8212;&#8212;&#8212;&#8212;&#8212;&#8212;&#8212;&#8212;&#8212;&#8212;&#8212;&#8212;&#8211;&nbsp;&nbsp;&nbsp; <a href=\"http:\/\/amap-pleurtuit.fr\/amapachamama\/wp-content\/uploads\/2013\/11\/adh\u00e9sion_Pain_\u00e9t\u00e9_2015.pdf\" target=\"_blank\" rel=\"noopener noreferrer\">adh\u00e9sion_Pain_\u00e9t\u00e9_2015<\/a><\/p>\n\n\n\n<p>Ci-apr\u00e8s l&rsquo;ancien formulaire de la saison hiver 2014-2015<\/p>\n\n\n\n<p>&#8212;&#8212;&#8212;&#8212;&#8212;&#8212;&#8212;&#8212;&#8212;&#8212;&#8212;&#8212;-&nbsp; <a href=\"http:\/\/amap-pleurtuit.fr\/amapachamama\/wp-content\/uploads\/2013\/11\/adh\u00e9sion-Pain-Hiver-2014-2015.pdf\" target=\"_blank\" rel=\"noopener noreferrer\">adh\u00e9sion Pain Hiver 2014-2015<\/a><\/p>\n\n\n\n<p>Vous pouvez prendre du pain soit toutes les semaines (en m\u00eame temps que les l\u00e9gumes), soit toutes les deux semaines (en m\u00eame temps que les Produits Laitiers\/Fromages) ou soit toutes les&nbsp; trois semaines (en m\u00eame temps que les Poulet-Oeufs).<\/p>\n\n\n\n<p>Le contrat Hiver 2014-2015 d\u00e9bute le 21 octobre 2014 et s&rsquo;ach\u00e8ve le 12 mai 2015. Celui de la saison \u00e9t\u00e9 2015 d\u00e9butera le mardi 19&nbsp; mai 2015.<\/p>\n","protected":false},"excerpt":{"rendered":"<p>Voici le formulaire d&rsquo;adh\u00e9sion Pain de la saison d&rsquo;\u00e9t\u00e9 2023 &#8212;&#8212;&#8212;&#8212;&#8212;&#8212;&#8212;&#8212;&#8212;&#8212;&#8212;&#8212;- Adh\u00e9sion_ Pains_Et\u00e9_2023 Voici le formulaire d\u2019adh\u00e9sion Pain de la saison hiver 2022-2023 &#8212;&#8212;&#8212;&#8212;&#8212;&#8212;&#8212;&#8212;&#8212;&#8212;&#8212;&#8212;- Adh\u00e9sion_ Pains_Hiver_2022-2023 Voici le formulaire d&rsquo;adh\u00e9sion Pain de la saison d&rsquo;\u00e9t\u00e9 2022 : &#8212;&#8212;&#8212;&#8212;&#8212;&#8212;&#8212;&#8212;&#8212;&#8212;&#8212;&#8212;- Adh\u00e9sion_ Pains_Et\u00e9_2022 Voici le formulaire d&rsquo;adh\u00e9sion&nbsp; Pain de la saison hiver 2020-2021 : &#8212;&#8212;&#8212;&#8212;&#8212;&#8212;&#8212;&#8212;&#8212;&#8212;&#8212;&#8212;&#8211; Adh\u00e9sion_Pain_Hiver_2020_2021 Avec ce &hellip; <a href=\"https:\/\/amap-pleurtuit.fr\/amapachamama\/adhesion\/adhesion-pain\/\" class=\"more-link\">Continuer la lecture de <span class=\"screen-reader-text\">Adh\u00e9sion Pain<\/span> <span class=\"meta-nav\">&rarr;<\/span><\/a><\/p>\n","protected":false},"author":2,"featured_media":0,"parent":24,"menu_order":30,"comment_status":"open","ping_status":"open","template":"","meta":{"footnotes":""},"class_list":["post-47","page","type-page","status-publish","hentry"],"_links":{"self":[{"href":"https:\/\/amap-pleurtuit.fr\/amapachamama\/wp-json\/wp\/v2\/pages\/47","targetHints":{"allow":["GET"]}}],"collection":[{"href":"https:\/\/amap-pleurtuit.fr\/amapachamama\/wp-json\/wp\/v2\/pages"}],"about":[{"href":"https:\/\/amap-pleurtuit.fr\/amapachamama\/wp-json\/wp\/v2\/types\/page"}],"author":[{"embeddable":true,"href":"https:\/\/amap-pleurtuit.fr\/amapachamama\/wp-json\/wp\/v2\/users\/2"}],"replies":[{"embeddable":true,"href":"https:\/\/amap-pleurtuit.fr\/amapachamama\/wp-json\/wp\/v2\/comments?post=47"}],"version-history":[{"count":45,"href":"https:\/\/amap-pleurtuit.fr\/amapachamama\/wp-json\/wp\/v2\/pages\/47\/revisions"}],"predecessor-version":[{"id":1208,"href":"https:\/\/amap-pleurtuit.fr\/amapachamama\/wp-json\/wp\/v2\/pages\/47\/revisions\/1208"}],"up":[{"embeddable":true,"href":"https:\/\/amap-pleurtuit.fr\/amapachamama\/wp-json\/wp\/v2\/pages\/24"}],"wp:attachment":[{"href":"https:\/\/amap-pleurtuit.fr\/amapachamama\/wp-json\/wp\/v2\/media?parent=47"}],"curies":[{"name":"wp","href":"https:\/\/api.w.org\/{rel}","templated":true}]}}