{"id":454,"date":"2017-02-23T11:41:10","date_gmt":"2017-02-23T10:41:10","guid":{"rendered":"http:\/\/amap-pleurtuit.fr\/amapachamama\/?page_id=454"},"modified":"2021-12-22T17:22:00","modified_gmt":"2021-12-22T16:22:00","slug":"ag-2017","status":"publish","type":"page","link":"https:\/\/amap-pleurtuit.fr\/amapachamama\/association\/ag-2017\/","title":{"rendered":"AG 2017"},"content":{"rendered":"<p style=\"text-align: justify;\">La convocation \u00e0 l&rsquo;Assembl\u00e9e g\u00e9n\u00e9rale ordinaire a \u00e9t\u00e9 envoy\u00e9e aux adh\u00e9rents par mail. En voici une copie :<\/p>\n<p style=\"text-align: justify;\">&#8212;&#8212;&#8212;&#8212;&#8212;&#8212;&#8212;&#8212;&#8212;&#8212;&#8212;&#8212;&#8211;&nbsp; <a href=\"http:\/\/amap-pleurtuit.fr\/amapachamama\/wp-content\/uploads\/2017\/02\/convocation_AG_7_mars_2017.pdf\" target=\"_blank\" rel=\"noopener\">convocation_AG_7_mars_2017<\/a><\/p>\n<p style=\"text-align: justify;\">Vous y trouverez en deuxi\u00e8me page un pouvoir vous&nbsp; faire \u00e9ventuellement repr\u00e9senter et une d\u00e9claration de candidature au Conseil d&rsquo;administration, si vous \u00eates volontaires.<\/p>\n","protected":false},"excerpt":{"rendered":"<p>La convocation \u00e0 l&rsquo;Assembl\u00e9e g\u00e9n\u00e9rale ordinaire a \u00e9t\u00e9 envoy\u00e9e aux adh\u00e9rents par mail. En voici une copie : &#8212;&#8212;&#8212;&#8212;&#8212;&#8212;&#8212;&#8212;&#8212;&#8212;&#8212;&#8212;&#8211;&nbsp; convocation_AG_7_mars_2017 Vous y trouverez en deuxi\u00e8me page un pouvoir vous&nbsp; faire \u00e9ventuellement repr\u00e9senter et une d\u00e9claration de candidature au Conseil d&rsquo;administration, si vous \u00eates volontaires.<\/p>\n","protected":false},"author":2,"featured_media":0,"parent":70,"menu_order":0,"comment_status":"closed","ping_status":"closed","template":"","meta":{"footnotes":""},"class_list":["post-454","page","type-page","status-publish","hentry"],"_links":{"self":[{"href":"https:\/\/amap-pleurtuit.fr\/amapachamama\/wp-json\/wp\/v2\/pages\/454","targetHints":{"allow":["GET"]}}],"collection":[{"href":"https:\/\/amap-pleurtuit.fr\/amapachamama\/wp-json\/wp\/v2\/pages"}],"about":[{"href":"https:\/\/amap-pleurtuit.fr\/amapachamama\/wp-json\/wp\/v2\/types\/page"}],"author":[{"embeddable":true,"href":"https:\/\/amap-pleurtuit.fr\/amapachamama\/wp-json\/wp\/v2\/users\/2"}],"replies":[{"embeddable":true,"href":"https:\/\/amap-pleurtuit.fr\/amapachamama\/wp-json\/wp\/v2\/comments?post=454"}],"version-history":[{"count":4,"href":"https:\/\/amap-pleurtuit.fr\/amapachamama\/wp-json\/wp\/v2\/pages\/454\/revisions"}],"predecessor-version":[{"id":1117,"href":"https:\/\/amap-pleurtuit.fr\/amapachamama\/wp-json\/wp\/v2\/pages\/454\/revisions\/1117"}],"up":[{"embeddable":true,"href":"https:\/\/amap-pleurtuit.fr\/amapachamama\/wp-json\/wp\/v2\/pages\/70"}],"wp:attachment":[{"href":"https:\/\/amap-pleurtuit.fr\/amapachamama\/wp-json\/wp\/v2\/media?parent=454"}],"curies":[{"name":"wp","href":"https:\/\/api.w.org\/{rel}","templated":true}]}}