{"id":417,"date":"2016-03-20T18:36:26","date_gmt":"2016-03-20T17:36:26","guid":{"rendered":"http:\/\/amap-pleurtuit.fr\/amapachamama\/?page_id=417"},"modified":"2017-02-23T11:42:50","modified_gmt":"2017-02-23T10:42:50","slug":"ag-2016","status":"publish","type":"page","link":"https:\/\/amap-pleurtuit.fr\/amapachamama\/association\/ag-2016\/","title":{"rendered":"AG 2016"},"content":{"rendered":"<p style=\"text-align: justify;\">La convocation \u00e0 l&rsquo;Assembl\u00e9e g\u00e9n\u00e9rale extraordinaire et ordinaire a \u00e9t\u00e9 envoy\u00e9e aux adh\u00e9rents par mail. En voici une copie :<\/p>\n<p>&#8212;&#8212;&#8212;&#8212;&#8212;&#8212;&#8212;&#8212;&#8212;&#8212;&#8212;&#8212;&#8211;\u00a0 <a href=\"http:\/\/amap-pleurtuit.fr\/amapachamama\/wp-content\/uploads\/2016\/03\/convocation_AG_5_avril_-2016.pdf\" target=\"_blank\" rel=\"\">convocation_AG_5_avril_ 2016<\/a><\/p>\n<p style=\"text-align: justify;\">Vous y trouverez en deuxi\u00e8me page un pouvoir vous\u00a0 faire \u00e9ventuellement repr\u00e9senter et une d\u00e9claration de candidature au Conseil d&rsquo;administration, si vous \u00eates volontaires.<\/p>\n<p style=\"text-align: justify;\">Un fichier contenant la proposition de nouveaux statuts \u00e9tait joint \u00e0 cette convocation. Vous trouverez ci-dessous ce fichier, ce qui est en rouge \u00e9tant rajout\u00e9, ce qui est en bleu \u00e9tant supprim\u00e9 :<\/p>\n<p style=\"text-align: justify;\">&#8212;&#8212;&#8212;&#8212;&#8212;&#8212;&#8212;&#8212;&#8212;&#8212;&#8212;&#8212;\u00a0 <a href=\"http:\/\/amap-pleurtuit.fr\/amapachamama\/wp-content\/uploads\/2016\/03\/Statuts_20160405.pdf\" target=\"_blank\" rel=\"\">Statuts_20160405<\/a><\/p>\n<p>&nbsp;<\/p>\n<p>&nbsp;<\/p>\n<p>&nbsp;<\/p>\n","protected":false},"excerpt":{"rendered":"<p>La convocation \u00e0 l&rsquo;Assembl\u00e9e g\u00e9n\u00e9rale extraordinaire et ordinaire a \u00e9t\u00e9 envoy\u00e9e aux adh\u00e9rents par mail. En voici une copie : &#8212;&#8212;&#8212;&#8212;&#8212;&#8212;&#8212;&#8212;&#8212;&#8212;&#8212;&#8212;&#8211;\u00a0 convocation_AG_5_avril_ 2016 Vous y trouverez en deuxi\u00e8me page un pouvoir vous\u00a0 faire \u00e9ventuellement repr\u00e9senter et une d\u00e9claration de candidature au Conseil d&rsquo;administration, si vous \u00eates volontaires. Un fichier contenant la proposition de nouveaux statuts &hellip; <a href=\"https:\/\/amap-pleurtuit.fr\/amapachamama\/association\/ag-2016\/\" class=\"more-link\">Continuer la lecture de <span class=\"screen-reader-text\">AG 2016<\/span> <span class=\"meta-nav\">&rarr;<\/span><\/a><\/p>\n","protected":false},"author":2,"featured_media":0,"parent":70,"menu_order":0,"comment_status":"closed","ping_status":"closed","template":"","meta":{"footnotes":""},"class_list":["post-417","page","type-page","status-publish","hentry"],"_links":{"self":[{"href":"https:\/\/amap-pleurtuit.fr\/amapachamama\/wp-json\/wp\/v2\/pages\/417","targetHints":{"allow":["GET"]}}],"collection":[{"href":"https:\/\/amap-pleurtuit.fr\/amapachamama\/wp-json\/wp\/v2\/pages"}],"about":[{"href":"https:\/\/amap-pleurtuit.fr\/amapachamama\/wp-json\/wp\/v2\/types\/page"}],"author":[{"embeddable":true,"href":"https:\/\/amap-pleurtuit.fr\/amapachamama\/wp-json\/wp\/v2\/users\/2"}],"replies":[{"embeddable":true,"href":"https:\/\/amap-pleurtuit.fr\/amapachamama\/wp-json\/wp\/v2\/comments?post=417"}],"version-history":[{"count":6,"href":"https:\/\/amap-pleurtuit.fr\/amapachamama\/wp-json\/wp\/v2\/pages\/417\/revisions"}],"predecessor-version":[{"id":458,"href":"https:\/\/amap-pleurtuit.fr\/amapachamama\/wp-json\/wp\/v2\/pages\/417\/revisions\/458"}],"up":[{"embeddable":true,"href":"https:\/\/amap-pleurtuit.fr\/amapachamama\/wp-json\/wp\/v2\/pages\/70"}],"wp:attachment":[{"href":"https:\/\/amap-pleurtuit.fr\/amapachamama\/wp-json\/wp\/v2\/media?parent=417"}],"curies":[{"name":"wp","href":"https:\/\/api.w.org\/{rel}","templated":true}]}}