{"id":38,"date":"2013-11-04T15:04:32","date_gmt":"2013-11-04T14:04:32","guid":{"rendered":"http:\/\/amap-pleurtuit.fr\/amapachamama\/?page_id=38"},"modified":"2024-09-06T09:42:09","modified_gmt":"2024-09-06T07:42:09","slug":"adhesion-panier-legumes","status":"publish","type":"page","link":"https:\/\/amap-pleurtuit.fr\/amapachamama\/adhesion\/adhesion-panier-legumes\/","title":{"rendered":"Adh\u00e9sion L\u00e9gumes"},"content":{"rendered":"\n<p>Voici les deux formulaires d&rsquo;adh\u00e9sion&nbsp; L\u00e9gumes (Hiver 2024-2025 et Printemps 2025) de la <strong>saison Hiver 2024-2025<\/strong><\/p>\n\n\n\n<p>&#8212;&#8212;&#8212;&#8212;&#8212;&#8212;&#8212;&#8212;&#8212;&#8212;&#8212;&#8212;&#8211; <a href=\"https:\/\/amap-pleurtuit.fr\/amapachamama\/wp-content\/uploads\/2024\/09\/Adhesion_Legumes_Hiver_2024-2025.pdf\" target=\"_blank\" rel=\"noreferrer noopener\">Adh\u00e9sion_L\u00e9gumes_Hiver_2024-2025<\/a><\/p>\n\n\n\n<p>&#8212;&#8212;&#8212;&#8212;&#8212;&#8212;&#8212;&#8212;&#8212;&#8212;&#8212;&#8212;&#8211; <a href=\"https:\/\/amap-pleurtuit.fr\/amapachamama\/wp-content\/uploads\/2024\/09\/Adhesion_Legumes_PotsPotes_Printemps_2025.pdf\" target=\"_blank\" rel=\"noreferrer noopener\">Adh\u00e9sion_L\u00e9gumes_PotsPotes_Printemps_2025<\/a><\/p>\n\n\n\n<p><\/p>\n\n\n\n<p><\/p>\n\n\n\n<p><\/p>\n\n\n\n<p>Voici le formulaire d&rsquo;adh\u00e9sion&nbsp; L\u00e9gumes de la <strong>saison \u00c9t\u00e9 2024<\/strong><\/p>\n\n\n\n<p>&#8212;&#8212;&#8212;&#8212;&#8212;&#8212;&#8212;&#8212;&#8212;&#8212;&#8212;&#8212;&#8211; <a href=\"https:\/\/amap-pleurtuit.fr\/amapachamama\/wp-content\/uploads\/2024\/01\/Adhesion_Legumes_Ete_2024.pdf\" data-type=\"URL\" data-id=\"https:\/\/amap-pleurtuit.fr\/amapachamama\/wp-content\/uploads\/2024\/01\/Adhesion_Legumes_Ete_2024.pdf\" target=\"_blank\" rel=\"noreferrer noopener\">Adh\u00e9sion_L\u00e9gumes_Et\u00e9_2024<\/a> <\/p>\n\n\n\n<p>Voici le formulaire d&rsquo;adh\u00e9sion&nbsp; L\u00e9gumes de la <strong>saison Hiver 2023-2024<\/strong><\/p>\n\n\n\n<p>&#8212;&#8212;&#8212;&#8212;&#8212;&#8212;&#8212;&#8212;&#8212;&#8212;&#8212;&#8212;&#8211; <a href=\"https:\/\/amap-pleurtuit.fr\/amapachamama\/wp-content\/uploads\/2023\/08\/Adhesion_Legumes_Hiver_2023-2024.pdf\" target=\"_blank\" rel=\"noreferrer noopener\">Adh\u00e9sion_L\u00e9gumes_Hiver_2023-2024<\/a> <\/p>\n\n\n\n<p>Voici le formulaire d&rsquo;adh\u00e9sion&nbsp; L\u00e9gumes de la <strong>saison \u00e9t\u00e9 2023<\/strong><\/p>\n\n\n\n<p>&#8212;&#8212;&#8212;&#8212;&#8212;&#8212;&#8212;&#8212;&#8212;&#8212;&#8212;&#8212;&#8211; <a rel=\"noreferrer noopener\" href=\"https:\/\/amap-pleurtuit.fr\/amapachamama\/wp-content\/uploads\/2023\/02\/Adhesion_Legumes_Ete_2023.pdf\" target=\"_blank\">Adh\u00e9sion_L\u00e9gumes_Ete_2023<\/a><\/p>\n\n\n\n<p>Voici le formulaire d&rsquo;adh\u00e9sion&nbsp; L\u00e9gumes et Champignons de la <strong>saison Hiver 2022-2023<\/strong><\/p>\n\n\n\n<p>&#8212;&#8212;&#8212;&#8212;&#8212;&#8212;&#8212;&#8212;&#8212;&#8212;&#8212;&#8212;&#8211; <a href=\"https:\/\/amap-pleurtuit.fr\/amapachamama\/wp-content\/uploads\/2022\/09\/Adhesion_Legumes_Hiver_2022-2023.pdf\" target=\"_blank\" rel=\"noopener\">Adh\u00e9sion_L\u00e9gumes_Hiver_2022-2023<\/a><\/p>\n\n\n\n<p>&#8212;&#8212;&#8212;&#8212;&#8212;&#8212;&#8212;&#8212;&#8212;&#8212;&#8212;&#8212;&#8211; <a href=\"https:\/\/amap-pleurtuit.fr\/amapachamama\/wp-content\/uploads\/2022\/09\/Adhesion_Champignons_Ete_2022_2.pdf\" target=\"_blank\" rel=\"noopener\">Adh\u00e9sion_Champignons_Et\u00e9_2022_2<\/a><\/p>\n\n\n\n<p>Voici le formulaire d&rsquo;adh\u00e9sion&nbsp; L\u00e9gumes et Champignons de la <strong>saison \u00e9t\u00e9 2022<\/strong><\/p>\n\n\n\n<p>&#8212;&#8212;&#8212;&#8212;&#8212;&#8212;&#8212;&#8212;&#8212;&#8212;&#8212;&#8212;&#8211; <a href=\"https:\/\/amap-pleurtuit.fr\/amapachamama\/wp-content\/uploads\/2021\/12\/Adhesion_Legumes_Ete_2022.pdf\" target=\"_blank\" rel=\"noopener\">Adh\u00e9sion_L\u00e9gumes_Ete_2022<\/a><\/p>\n\n\n\n<p>&#8212;&#8212;&#8212;&#8212;&#8212;&#8212;&#8212;&#8212;&#8212;&#8212;&#8212;&#8212;&#8211; <a href=\"https:\/\/amap-pleurtuit.fr\/amapachamama\/wp-content\/uploads\/2022\/03\/Adhesion_Champignons_Ete_2022.pdf\" target=\"_blank\" rel=\"noopener\">Adh\u00e9sion_Champignons_Et\u00e9_2022<\/a><\/p>\n\n\n\n<p>Voici le formulaire d&rsquo;adh\u00e9sion&nbsp; L\u00e9gumes&nbsp; et Champignons de la <strong>saison Hiver 2021-2022<\/strong><\/p>\n\n\n\n<p>&#8212;&#8212;&#8212;&#8212;&#8212;&#8212;&#8212;&#8212;&#8212;&#8212;&#8212;&#8212;&#8211; <a href=\"https:\/\/amap-pleurtuit.fr\/amapachamama\/wp-content\/uploads\/2021\/09\/Adhesion_Legumes_Hiver_2021-2022.pdf\" target=\"_blank\" rel=\"noopener\">Adh\u00e9sion_L\u00e9gumes_Hiver_2021-2022<\/a><\/p>\n\n\n\n<p>&#8212;&#8212;&#8212;&#8212;&#8212;&#8212;&#8212;&#8212;&#8212;&#8212;&#8212;&#8212;&#8211; <a href=\"https:\/\/amap-pleurtuit.fr\/amapachamama\/wp-content\/uploads\/2021\/08\/Adhesion_Champignons_Hiver_2021-2022.pdf\" target=\"_blank\" rel=\"noopener\">Adh\u00e9sion_Champignons_Hiver_2021-2022<\/a><\/p>\n\n\n\n<p>Voici le formulaire d&rsquo;adh\u00e9sion&nbsp; L\u00e9gumes de la <strong>saison \u00e9t\u00e9 2021<\/strong><\/p>\n\n\n\n<p>&#8212;&#8212;&#8212;&#8212;&#8212;&#8212;&#8212;&#8212;&#8212;&#8212;&#8212;&#8212;&#8211; <a href=\"https:\/\/amap-pleurtuit.fr\/amapachamama\/wp-content\/uploads\/2021\/01\/Adhesion_Legumes_Ete_2021.pdf\" target=\"_blank\" rel=\"noopener\">Adh\u00e9sion_L\u00e9gumes_Ete_2021<\/a><\/p>\n\n\n\n<p>Voici le formulaire d&rsquo;adh\u00e9sion&nbsp; L\u00e9gumes de la <strong>saison Hiver 2020-2021<\/strong><\/p>\n\n\n\n<p>&#8212;&#8212;&#8212;&#8212;&#8212;&#8212;&#8212;&#8212;&#8212;&#8212;&#8212;&#8212;&#8211; <a href=\"https:\/\/amap-pleurtuit.fr\/amapachamama\/wp-content\/uploads\/2020\/08\/Adhesion_Legumes_Hiver_2020-2021.pdf\" target=\"_blank\" rel=\"noopener noreferrer\">Adh\u00e9sion_L\u00e9gumes_Hiver_2020-2021<\/a><\/p>\n\n\n\n<p>Voici le formulaire d&rsquo;adh\u00e9sion&nbsp; L\u00e9gumes de la saison \u00e9t\u00e9 2020<\/p>\n\n\n\n<p>&#8212;&#8212;&#8212;&#8212;&#8212;&#8212;&#8212;&#8212;&#8212;&#8212;&#8212;&#8212;&#8211; <a href=\"https:\/\/amap-pleurtuit.fr\/amapachamama\/wp-content\/uploads\/2020\/02\/Adh\u00e9sion_L\u00e9gumes_Ete_2020.pdf\" target=\"_blank\" rel=\"noopener noreferrer\">Adh\u00e9sion_L\u00e9gumes_Ete_2020<\/a><\/p>\n\n\n\n<p>Voici le formulaire d&rsquo;adh\u00e9sion&nbsp; L\u00e9gumes de la saison Hiver 2019-2020<\/p>\n\n\n\n<p>&#8212;&#8212;&#8212;&#8212;&#8212;&#8212;&#8212;&#8212;&#8212;&#8212;&#8212;&#8212;&#8211; <a href=\"https:\/\/amap-pleurtuit.fr\/amapachamama\/wp-content\/uploads\/2019\/08\/Adh\u00e9sion_L\u00e9gumes_Hiver_2019-2020.pdf\" target=\"_blank\" rel=\"noopener noreferrer\">Adh\u00e9sion_L\u00e9gumes_Hiver_2019-2020<\/a><\/p>\n\n\n\n<p>Voici le formulaire d&rsquo;adh\u00e9sion&nbsp; L\u00e9gumes de la saison \u00e9t\u00e9 2019<\/p>\n\n\n\n<p>&#8212;&#8212;&#8212;&#8212;&#8212;&#8212;&#8212;&#8212;&#8212;&#8212;&#8212;&#8212;&#8211;&nbsp;<a href=\"http:\/\/amap-pleurtuit.fr\/amapachamama\/wp-content\/uploads\/2019\/02\/Adh\u00e9sion_L\u00e9gumes_Ete_2019.pdf\">Adh\u00e9sion_L\u00e9gumes_Ete_2019<\/a><\/p>\n\n\n\n<p>Voici le formulaire d&rsquo;adh\u00e9sion&nbsp; L\u00e9gumes de la saison hiver 2018-2019<\/p>\n\n\n\n<p>&#8212;&#8212;&#8212;&#8212;&#8212;&#8212;&#8212;&#8212;&#8212;&#8212;&#8212;&#8212;&#8211; <a href=\"http:\/\/amap-pleurtuit.fr\/amapachamama\/wp-content\/uploads\/2018\/09\/Adh\u00e9sion_L\u00e9gumes_Hiver_2018-2019.pdf\" target=\"_blank\" rel=\"noopener noreferrer\">Adh\u00e9sion_L\u00e9gumes_Hiver_2018-2019<\/a><\/p>\n\n\n\n<p>Voici le formulaire d&rsquo;adh\u00e9sion&nbsp; L\u00e9gumes de la saison \u00e9t\u00e9 2018<\/p>\n\n\n\n<p>&#8212;&#8212;&#8212;&#8212;&#8212;&#8212;&#8212;&#8212;&#8212;&#8212;&#8212;&#8212;&#8211; <a href=\"http:\/\/amap-pleurtuit.fr\/amapachamama\/wp-content\/uploads\/2018\/03\/Adh\u00e9sion_L\u00e9gumes_Ete_2018.pdf\" target=\"_blank\" rel=\"noopener noreferrer\">Adh\u00e9sion_L\u00e9gumes_Ete_2018<\/a><\/p>\n\n\n\n<p>Voici le formulaire d&rsquo;adh\u00e9sion&nbsp; L\u00e9gumes de la saison hiver 2017-2018<\/p>\n\n\n\n<p>&#8212;&#8212;&#8212;&#8212;&#8212;&#8212;&#8212;&#8212;&#8212;&#8212;&#8212;&#8212;&#8211; <a href=\"http:\/\/amap-pleurtuit.fr\/amapachamama\/wp-content\/uploads\/2013\/11\/Adh\u00e9sion_L\u00e9gumes_Hiver_2017-2018.pdf\" target=\"_blank\" rel=\"noopener noreferrer\">Adh\u00e9sion_L\u00e9gumes_Hiver_2017-2018<\/a><\/p>\n\n\n\n<p>Voici le formulaire d&rsquo;adh\u00e9sion&nbsp; L\u00e9gumes de la saison \u00e9t\u00e9 2017<\/p>\n\n\n\n<p>&#8212;&#8212;&#8212;&#8212;&#8212;&#8212;&#8212;&#8212;&#8212;&#8212;&#8212;&#8212;&#8211; <a href=\"http:\/\/amap-pleurtuit.fr\/amapachamama\/wp-content\/uploads\/2013\/11\/Adh\u00e9sion_L\u00e9gumes_Ete_2017.pdf\" target=\"_blank\" rel=\"noopener noreferrer\">Adh\u00e9sion_L\u00e9gumes_Ete_2017<\/a><\/p>\n\n\n\n<p>Voici le formulaire d&rsquo;adh\u00e9sion&nbsp; L\u00e9gumes de la saison hiver 2016-2017<\/p>\n\n\n\n<p>&#8212;&#8212;&#8212;&#8212;&#8212;&#8212;&#8212;&#8212;&#8212;&#8212;&#8212;&#8212;&#8211;&nbsp; <a href=\"http:\/\/amap-pleurtuit.fr\/amapachamama\/wp-content\/uploads\/2013\/11\/Adh\u00e9sion_L\u00e9gumes_Hiver_2016-2017.pdf\" target=\"_blank\" rel=\"noopener noreferrer\">Adh\u00e9sion_L\u00e9gumes_Hiver_2016-2017<\/a><\/p>\n\n\n\n<p>Voici le formulaire d&rsquo;adh\u00e9sion&nbsp; L\u00e9gumes de la saison \u00e9t\u00e9 2016<\/p>\n\n\n\n<p>&#8212;&#8212;&#8212;&#8212;&#8212;&#8212;&#8212;&#8212;&#8212;&#8212;&#8212;&#8212;&#8211; &nbsp; <a href=\"http:\/\/amap-pleurtuit.fr\/amapachamama\/wp-content\/uploads\/2013\/11\/adh\u00e9sion_L\u00e9gumes_\u00e9t\u00e9_2016.pdf\" target=\"_blank\" rel=\"noopener noreferrer\">adh\u00e9sion_L\u00e9gumes_\u00e9t\u00e9_2016<\/a><\/p>\n\n\n\n<p>Les tarifs \u00e9t\u00e9 et hiver ont \u00e9t\u00e9 diff\u00e9renci\u00e9s pour tenir compte de la plus grange vari\u00e9t\u00e9 et quantit\u00e9 du panier d&rsquo;\u00e9t\u00e9 par rapport \u00e0 celui d&rsquo;hiver : petit panier (\u00e9t\u00e9 11,00\u20ac, hiver 9,50\u20ac, soit un tarif moyen de 10,25\u20ac au lieu de 10,00\u20ac actuellement), grand panier (\u00e9t\u00e9 15,90\u20ac, hiver 13,70\u20ac, soit un tarif moyen de 14,80\u20ac au lieu de 14,40\u20ac actuellement). L&rsquo;augmentation moyenne de 2,50% est justifi\u00e9e par la hausse des charges et la diminution des subventions aux producteurs bio. La possibilit\u00e9 de ne pas prendre 2 paniers pendant la saison d&rsquo;\u00e9t\u00e9 (et seulement pendant la saison d&rsquo;\u00e9t\u00e9) est maintenue<\/p>\n\n\n\n<p>Ci-apr\u00e8s l&rsquo;ancien formulaire de la saison hiver 2015-2016 :<\/p>\n\n\n\n<p>&#8212;&#8212;&#8212;&#8212;&#8212;&#8212;&#8212;&#8212;&#8212;&#8212;&#8212;&#8212;&#8211;&nbsp; &nbsp; <a href=\"http:\/\/amap-pleurtuit.fr\/amapachamama\/wp-content\/uploads\/2013\/11\/adh\u00e9sion_L\u00e9gumes_hiver_2015.pdf\" target=\"_blank\" rel=\"noopener noreferrer\">adh\u00e9sion_L\u00e9gumes_hiver_2015<\/a><\/p>\n\n\n\n<p>Ci-apr\u00e8s l&rsquo;ancien formulaire pour l&rsquo;\u00e9t\u00e9 2015 :<\/p>\n\n\n\n<p>&#8212;&#8212;&#8212;&#8212;&#8212;&#8212;&#8212;&#8212;&#8212;&#8212;&#8212;&#8212;&#8211;&nbsp;&nbsp;&nbsp; <a href=\"http:\/\/amap-pleurtuit.fr\/amapachamama\/wp-content\/uploads\/2013\/11\/adh\u00e9sion_L\u00e9gumes_\u00e9t\u00e9_2015.pdf\" target=\"_blank\" rel=\"noopener noreferrer\">adh\u00e9sion_L\u00e9gumes_\u00e9t\u00e9_2015<\/a><\/p>\n\n\n\n<p>Ci-apr\u00e8s l&rsquo;ancien formulaire de la saison hiver 2014-2015<\/p>\n\n\n\n<p>&#8212;&#8212;&#8212;&#8212;&#8212;&#8212;&#8212;&#8212;&#8212;&#8212;&#8212;&#8212;-&nbsp; <a href=\"http:\/\/amap-pleurtuit.fr\/amapachamama\/wp-content\/uploads\/2013\/11\/adh\u00e9sion-Panier-Hiver-2014-2015.pdf\" target=\"_blank\" rel=\"noopener noreferrer\">adh\u00e9sion_Panier_L\u00e9gumes_Hiver_2014-2015<\/a><\/p>\n\n\n\n<p>Le contrat hiver 2014-2015 d\u00e9bute le 21 octobre 2014 et s&rsquo;ach\u00e8ve le 31 mars 2015. Le contrat \u00e9t\u00e9 2015 d\u00e9butera le 19 mai 2015 et s&rsquo;ach\u00e8vera le 13 octobre 2015. Entre le 31 mars 2015 et le 19 mai 2015, les producteurs ensemencent et plantent avant de r\u00e9colter!!<\/p>\n\n\n\n\n","protected":false},"excerpt":{"rendered":"<p>Voici les deux formulaires d&rsquo;adh\u00e9sion&nbsp; L\u00e9gumes (Hiver 2024-2025 et Printemps 2025) de la saison Hiver 2024-2025 &#8212;&#8212;&#8212;&#8212;&#8212;&#8212;&#8212;&#8212;&#8212;&#8212;&#8212;&#8212;&#8211; Adh\u00e9sion_L\u00e9gumes_Hiver_2024-2025 &#8212;&#8212;&#8212;&#8212;&#8212;&#8212;&#8212;&#8212;&#8212;&#8212;&#8212;&#8212;&#8211; Adh\u00e9sion_L\u00e9gumes_PotsPotes_Printemps_2025 Voici le formulaire d&rsquo;adh\u00e9sion&nbsp; L\u00e9gumes de la saison \u00c9t\u00e9 2024 &#8212;&#8212;&#8212;&#8212;&#8212;&#8212;&#8212;&#8212;&#8212;&#8212;&#8212;&#8212;&#8211; Adh\u00e9sion_L\u00e9gumes_Et\u00e9_2024 Voici le formulaire d&rsquo;adh\u00e9sion&nbsp; L\u00e9gumes de la saison Hiver 2023-2024 &#8212;&#8212;&#8212;&#8212;&#8212;&#8212;&#8212;&#8212;&#8212;&#8212;&#8212;&#8212;&#8211; Adh\u00e9sion_L\u00e9gumes_Hiver_2023-2024 Voici le formulaire d&rsquo;adh\u00e9sion&nbsp; L\u00e9gumes de la saison \u00e9t\u00e9 2023 &#8212;&#8212;&#8212;&#8212;&#8212;&#8212;&#8212;&#8212;&#8212;&#8212;&#8212;&#8212;&#8211; &hellip; <a href=\"https:\/\/amap-pleurtuit.fr\/amapachamama\/adhesion\/adhesion-panier-legumes\/\" class=\"more-link\">Continuer la lecture de <span class=\"screen-reader-text\">Adh\u00e9sion L\u00e9gumes<\/span> <span class=\"meta-nav\">&rarr;<\/span><\/a><\/p>\n","protected":false},"author":2,"featured_media":0,"parent":24,"menu_order":20,"comment_status":"closed","ping_status":"closed","template":"","meta":{"footnotes":""},"class_list":["post-38","page","type-page","status-publish","hentry"],"_links":{"self":[{"href":"https:\/\/amap-pleurtuit.fr\/amapachamama\/wp-json\/wp\/v2\/pages\/38","targetHints":{"allow":["GET"]}}],"collection":[{"href":"https:\/\/amap-pleurtuit.fr\/amapachamama\/wp-json\/wp\/v2\/pages"}],"about":[{"href":"https:\/\/amap-pleurtuit.fr\/amapachamama\/wp-json\/wp\/v2\/types\/page"}],"author":[{"embeddable":true,"href":"https:\/\/amap-pleurtuit.fr\/amapachamama\/wp-json\/wp\/v2\/users\/2"}],"replies":[{"embeddable":true,"href":"https:\/\/amap-pleurtuit.fr\/amapachamama\/wp-json\/wp\/v2\/comments?post=38"}],"version-history":[{"count":75,"href":"https:\/\/amap-pleurtuit.fr\/amapachamama\/wp-json\/wp\/v2\/pages\/38\/revisions"}],"predecessor-version":[{"id":1296,"href":"https:\/\/amap-pleurtuit.fr\/amapachamama\/wp-json\/wp\/v2\/pages\/38\/revisions\/1296"}],"up":[{"embeddable":true,"href":"https:\/\/amap-pleurtuit.fr\/amapachamama\/wp-json\/wp\/v2\/pages\/24"}],"wp:attachment":[{"href":"https:\/\/amap-pleurtuit.fr\/amapachamama\/wp-json\/wp\/v2\/media?parent=38"}],"curies":[{"name":"wp","href":"https:\/\/api.w.org\/{rel}","templated":true}]}}