{"id":319,"date":"2015-03-23T21:42:44","date_gmt":"2015-03-23T20:42:44","guid":{"rendered":"http:\/\/amap-pleurtuit.fr\/amapachamama\/?page_id=319"},"modified":"2024-09-06T09:47:30","modified_gmt":"2024-09-06T07:47:30","slug":"calendrier-distributions","status":"publish","type":"page","link":"https:\/\/amap-pleurtuit.fr\/amapachamama\/adhesion\/calendrier-distributions\/","title":{"rendered":"Calendrier et Modalit\u00e9s Distributions"},"content":{"rendered":"\n<p>Vous trouverez ci-apr\u00e8s le <strong>calendrier pr\u00e9visionnel<\/strong> des distributions de&nbsp; la <strong>saison Hiver 2024-2025<\/strong><\/p>\n\n\n\n<p>&#8212;&#8212;&#8212;&#8212;&#8212;&#8212;&#8212;&#8212; <a href=\"https:\/\/amap-pleurtuit.fr\/amapachamama\/wp-content\/uploads\/2024\/09\/Calendrier_Hiver_2024_2025.pdf\" data-type=\"URL\" data-id=\"https:\/\/amap-pleurtuit.fr\/amapachamama\/wp-content\/uploads\/2024\/01\/Calendrier_Ete_2024.pdf\" target=\"_blank\" rel=\"noreferrer noopener\">Calendrier_Hiver_2024-2025<\/a><\/p>\n\n\n\n<p>Vous trouverez ci-apr\u00e8s le <strong>calendrier <\/strong>des distributions de&nbsp; la <strong>saison Et\u00e9 2024<\/strong><\/p>\n\n\n\n<p>&#8212;&#8212;&#8212;&#8212;&#8212;&#8212;&#8212;&#8212; <a rel=\"noreferrer noopener\" href=\"https:\/\/amap-pleurtuit.fr\/amapachamama\/wp-content\/uploads\/2024\/01\/Calendrier_Ete_2024.pdf\" data-type=\"URL\" data-id=\"https:\/\/amap-pleurtuit.fr\/amapachamama\/wp-content\/uploads\/2024\/01\/Calendrier_Ete_2024.pdf\" target=\"_blank\">Calendrier_\u00c9t<\/a><a href=\"https:\/\/amap-pleurtuit.fr\/amapachamama\/wp-content\/uploads\/2024\/01\/Calendrier_Ete_2024.pdf\" data-type=\"URL\" data-id=\"https:\/\/amap-pleurtuit.fr\/amapachamama\/wp-content\/uploads\/2024\/01\/Calendrier_Ete_2024.pdf\" target=\"_blank\" rel=\"noreferrer noopener\">\u00e9<\/a><a rel=\"noreferrer noopener\" href=\"https:\/\/amap-pleurtuit.fr\/amapachamama\/wp-content\/uploads\/2024\/01\/Calendrier_Ete_2024.pdf\" data-type=\"URL\" data-id=\"https:\/\/amap-pleurtuit.fr\/amapachamama\/wp-content\/uploads\/2024\/01\/Calendrier_Ete_2024.pdf\" target=\"_blank\">_2024<\/a><\/p>\n\n\n\n<p>Vous trouverez ci-apr\u00e8s le <strong>calendrier <\/strong>des distributions de&nbsp; la <strong>saison Hiver 2023-2024<\/strong><\/p>\n\n\n\n<p>&#8212;&#8212;&#8212;&#8212;&#8212;&#8212;&#8212;&#8212; <a href=\"https:\/\/amap-pleurtuit.fr\/amapachamama\/wp-content\/uploads\/2023\/08\/Calendrier_Hiver_2023-2024.pdf\" target=\"_blank\" rel=\"noreferrer noopener\">Calendrier_Hiver_2023-2024<\/a><\/p>\n\n\n\n<p>Vous trouverez ci-apr\u00e8s le <strong>calendrier <\/strong> des distributions de&nbsp; la <strong>saison \u00c9t\u00e9 2023<\/strong><\/p>\n\n\n\n<p>&#8212;&#8212;&#8212;&#8212;&#8212;&#8212;&#8212;&#8212; <a href=\"https:\/\/amap-pleurtuit.fr\/amapachamama\/wp-content\/uploads\/2023\/08\/Calendrier_Ete_2023.pdf\" target=\"_blank\" rel=\"noreferrer noopener\">Calendrier_Et\u00e9_2023<\/a><\/p>\n\n\n\n<p>Vous trouverez ci-apr\u00e8s le <strong>calendrier <\/strong>des distributions de&nbsp; la <strong>saison hiver 2022-2023<\/strong><\/p>\n\n\n\n<p>&#8212;&#8212;&#8212;&#8212;&#8212;&#8212;&#8212;&#8212; <a href=\"https:\/\/amap-pleurtuit.fr\/amapachamama\/wp-content\/uploads\/2022\/09\/Calendrier_Hiver_2022-2023.pdf\" target=\"_blank\" rel=\"noopener\">Calendrier_Hiver_2022-2023<\/a><\/p>\n\n\n\n<p>Vous trouverez ci-apr\u00e8s le <strong>calendrier<\/strong> des distributions pour la <strong>saison \u00e9t\u00e9 2022<\/strong><strong><br><\/strong><\/p>\n\n\n\n<p>&#8212;&#8212;&#8212;&#8212;&#8212;&#8212;&#8212;&#8212; <a href=\"https:\/\/amap-pleurtuit.fr\/amapachamama\/wp-content\/uploads\/2022\/09\/Calendrier_Ete_2022.pdf\" target=\"_blank\" rel=\"noopener\">Calendrier_Et\u00e9_2022<\/a><\/p>\n\n\n\n<p>Vous trouverez ci-apr\u00e8s le <strong>calendrier<\/strong> des distributions pour la <strong>saison hiver 2021-2022<\/strong><strong><br><\/strong><\/p>\n\n\n\n<p>&#8212;&#8212;&#8212;&#8212;&#8212;&#8212;&#8212;&#8212; <a href=\"https:\/\/amap-pleurtuit.fr\/amapachamama\/wp-content\/uploads\/2022\/03\/Calendrier_Hiver_2021_2022.pdf\" target=\"_blank\" rel=\"noopener\">Calendrier_Hiver_2021_2022<\/a><\/p>\n\n\n\n<p>Vous trouverez ci-apr\u00e8s le <strong>calendrier<\/strong> des distributions pour la <strong>saison \u00e9t\u00e9 2021<\/strong><strong><br><\/strong><\/p>\n\n\n\n<p>&#8212;&#8212;&#8212;&#8212;&#8212;&#8212;&#8212;&#8212; <a href=\"https:\/\/amap-pleurtuit.fr\/amapachamama\/wp-content\/uploads\/2021\/08\/Calendrier_Ete_2021.pdf\" target=\"_blank\" rel=\"noopener\">Calendrier_Et\u00e9_2021<\/a><\/p>\n\n\n\n<p>Vous trouverez ci-apr\u00e8s le <strong>calendrier<\/strong> des distributions pour la <strong>saison hiver 2020-2021<\/strong><\/p>\n\n\n\n<p>&#8212;&#8212;&#8212;&#8212;&#8212;&#8212;&#8212;&#8212; <a href=\"https:\/\/amap-pleurtuit.fr\/amapachamama\/wp-content\/uploads\/2021\/08\/Calendrier_Hiver_2020_2021.pdf\" target=\"_blank\" rel=\"noopener\">Calendrier_Hiver_2020_2021<\/a><\/p>\n\n\n\n<div class=\"wp-block-group\"><div class=\"wp-block-group__inner-container is-layout-flow wp-block-group-is-layout-flow\">\n<p><\/p>\n\n\n\n<p>Suite au probl\u00e8me sanitaire du <strong>coronavirus<\/strong>, il a \u00e9t\u00e9 mis en place un <strong>protocole sanitaire <\/strong>d\u2019utilisation de la salle de distribution :<\/p>\n\n\n\n<p>&#8212;&#8212;&#8212;&#8212;&#8212;&#8212;&#8212;- <a rel=\"noopener noreferrer\" href=\"https:\/\/amap-pleurtuit.fr\/amapachamama\/wp-content\/uploads\/2020\/10\/AMAP-Protocole-sanitaire-Pleurtuit-maison-des-associations-sept-20.pdf\" target=\"_blank\">AMAP Protocole sanitaire Pleurtuit maison des associations sept 20<\/a>. <\/p>\n\n\n\n<p>Le <strong>plan d&rsquo;utilisation de la salle<\/strong> peut \u00eatre visualis\u00e9 :<\/p>\n\n\n\n<p>&#8212;&#8212;&#8212;&#8212;&#8212;&#8212;&#8212;- <a rel=\"noopener noreferrer\" href=\"https:\/\/amap-pleurtuit.fr\/amapachamama\/wp-content\/uploads\/2020\/10\/AMAP-Plan-dutilisation-de-la-salle-maisons-des-associations-sept-20.pdf\" target=\"_blank\">AMAP Plan d&rsquo;utilisation de la salle maisons des associations sept 20<\/a>.<\/p>\n<\/div><\/div>\n\n\n\n<p>Ce protocole a \u00e9t\u00e9 mis en place suite \u00e0 l&rsquo;arr\u00eat\u00e9 de la Mairie de Pleurtuit du 27 juillet 2020 &#8212;&#8212;&#8212;&#8212;&#8212;&#8212;&#8212;&#8211; <a rel=\"noopener noreferrer\" href=\"https:\/\/amap-pleurtuit.fr\/amapachamama\/wp-content\/uploads\/2020\/10\/Mairie-ARRETE-Reouverture_EQUIPEMENTS-MUNICIPAUX.pdf\" target=\"_blank\">Mairie ARRETE &#8211; R\u00e9ouverture_EQUIPEMENTS MUNICIPAUX<\/a><\/p>\n\n\n\n<p> et aux modalit\u00e9s d&rsquo;utilisation de la salle pour la distribution d\u00e9finies par la mairie &#8212;&#8212;&#8212;&#8212;&#8212;&#8212;&#8212;- <a rel=\"noopener noreferrer\" href=\"https:\/\/amap-pleurtuit.fr\/amapachamama\/wp-content\/uploads\/2020\/10\/Mairie-Protocole-sanitaire-salles-communales-activites-hors-sportives.pdf\" target=\"_blank\">Mairie Protocole sanitaire-salles communales (activit\u00e9s hors sportives)<\/a> .<\/p>\n\n\n<\/p>\n<p>Vous trouverez ci-apr\u00e8s le <strong>calendrier<\/strong> des distributions pour la <strong>saison \u00e9t\u00e9 2020<\/strong><\/p>\n<p>&#8212;&#8212;&#8212;&#8212;&#8212;&#8212;&#8212;&#8212; <a href=\"https:\/\/amap-pleurtuit.fr\/amapachamama\/wp-content\/uploads\/2020\/08\/Calendrier_Ete_2020.pdf\" target=\"_blank\" rel=\"noopener noreferrer\">Calendrier_Et\u00e9_2020<\/a><\/p>\n<p>Vous trouverez ci-apr\u00e8s le calendrier des distributions pour la saison hiver 2019-2020<\/p>\n<p>&#8212;&#8212;&#8212;&#8212;&#8212;&#8212;&#8212;&#8212; <a href=\"https:\/\/amap-pleurtuit.fr\/amapachamama\/wp-content\/uploads\/2019\/08\/Calendrier_Hiver_2019-2020.pdf\" target=\"_blank\" rel=\"noopener noreferrer\">Calendrier_Hiver_2019-2020<\/a><\/p>\n<p><em>La distribution du 8 octobre d\u00e9pend de la saison d&rsquo;\u00e9t\u00e9 2019, sauf pour les Pommes. La distribution (Pain et Poulets\/Oeufs) du mardi 31 d\u00e9cembre a \u00e9t\u00e9 avanc\u00e9e d&rsquo;un jour au lundi 30 d\u00e9cembre. Peut \u00eatre en sera t&rsquo;il de m\u00eame pour celle du mardi 24 d\u00e9cembre (Pain). La distribution de Poulets\/Oeufs du mardi 21 janvier a \u00e9t\u00e9 avanc\u00e9e au mardi 14 janvier, le producteur pr\u00e9voyant de prendre du repos.<\/em><\/p>\n<p>Pour m\u00e9moire, ci-apr\u00e8s le calendrier des distributions pour la saison \u00e9t\u00e9 2019<\/p>\n<p>&#8212;&#8212;&#8212;&#8212;&#8212;&#8212;&#8212;&#8212;<a href=\"http:\/\/amap-pleurtuit.fr\/amapachamama\/wp-content\/uploads\/2019\/07\/Calendrier_Et\u00e9_2019.pdf\">Calendrier_Et\u00e9_2019<\/a><\/p>\n<p>Pour m\u00e9moire, ci-apr\u00e8s le calendrier des distributions pour la saison hiver 2018-2019<\/p>\n<p>&#8212;&#8212;&#8212;&#8212;&#8212;&#8212;&#8212;&#8212; <a href=\"http:\/\/amap-pleurtuit.fr\/amapachamama\/wp-content\/uploads\/2018\/09\/Calendrier_Hiver_2018-2019.pdf\" target=\"_blank\" rel=\"noopener noreferrer\">Calendrier_Hiver_2018-2019<\/a><\/p>\n<p>Pour m\u00e9moire, ci-apr\u00e8s le calendrier des distributions pour la saison \u00e9t\u00e9 2018<\/p>\n<p>&#8212;&#8212;&#8212;&#8212;&#8212;&#8212;&#8212;&#8212; <a href=\"http:\/\/amap-pleurtuit.fr\/amapachamama\/wp-content\/uploads\/2018\/07\/Calendrier_Ete_2018.pdf\" target=\"_blank\" rel=\"noopener noreferrer\">Calendrier_Ete_2018<\/a><\/p>\n<p>Pour m\u00e9moire, ci-apr\u00e8s le calendrier des distributions pour la saison hiver 2017-2018<\/p>\n<p>&#8212;&#8212;&#8212;&#8212;&#8212;&#8212;&#8212;&#8212;&nbsp; <a href=\"http:\/\/amap-pleurtuit.fr\/amapachamama\/wp-content\/uploads\/2017\/12\/Calendrier_Hiver_2017-2018-1.pdf\" target=\"_blank\" rel=\"noopener noreferrer\">Calendrier_Hiver_2017-2018<\/a><\/p>\n<p>Pour m\u00e9moire, ci-apr\u00e8s le calendrier des distributions pour la saison \u00e9t\u00e9 2017<\/p>\n<p>&#8212;&#8212;&#8212;&#8212;&#8212;&#8212;&#8212;&#8212; <a href=\"http:\/\/amap-pleurtuit.fr\/amapachamama\/wp-content\/uploads\/2015\/03\/Calendrier_Et\u00e9_2017.pdf\">Calendrier_Et\u00e9_2017<\/a><\/p>\n<p>Pour m\u00e9moire, ci-apr\u00e8s le calendrier des distributions pour la saison hiver 2016-2017<\/p>\n<p>&#8212;&#8212;&#8212;&#8212;&#8212;&#8212;&#8212;&#8212;- <a href=\"http:\/\/amap-pleurtuit.fr\/amapachamama\/wp-content\/uploads\/2015\/03\/Calendrier_Hiver_2016-2017.pdf\" target=\"_blank\" rel=\"noopener noreferrer\">Calendrier_Hiver_2016-2017<\/a><\/p>\n<p>Pour m\u00e9moire, ci-apr\u00e8s le calendrier des distributions pour la saison \u00e9t\u00e9 2016<\/p>\n<p>&#8212;&#8212;&#8212;&#8212;&#8212;&#8212;&#8212;&#8212;&#8211;&nbsp; <a href=\"http:\/\/amap-pleurtuit.fr\/amapachamama\/wp-content\/uploads\/2015\/03\/calendrier_\u00e9t\u00e9_2016.pdf\" target=\"_blank\" rel=\"noopener noreferrer\">calendrier_\u00e9t\u00e9_2016<\/a><\/p>\n<p>Pour m\u00e9moire, ci-apr\u00e8s le calendrier de la saison hiver 2015-2016 :<\/p>\n<p>&#8212;&#8212;&#8212;&#8212;&#8212;&#8212;&#8212;&#8212;- <a href=\"http:\/\/amap-pleurtuit.fr\/amapachamama\/wp-content\/uploads\/2015\/03\/calendrier_Hiver_2015.pdf\" target=\"_blank\" rel=\"noopener noreferrer\">calendrier_Hiver_2015-2016<\/a><\/p>\n<p>Pour m\u00e9moire, ci-apr\u00e8s&nbsp; le calendrier de la saison \u00e9t\u00e9 2015 :<\/p>\n<p>&#8212;&#8212;&#8212;&#8212;&#8212;&#8212;&#8212;&#8212;-&nbsp; <a href=\"http:\/\/amap-pleurtuit.fr\/amapachamama\/wp-content\/uploads\/2013\/11\/calendrier_\u00e9t\u00e9_2015.pdf\" target=\"_blank\" rel=\"noopener noreferrer\">calendrier_\u00e9t\u00e9_2015<\/a><\/p>\n<p>Pour m\u00e9moire, ci-apr\u00e8s&nbsp; le calendrier de la saison hiver 2014-2015 :<\/p>\n<p>&#8212;&#8212;&#8212;&#8212;&#8212;&#8212;&#8212;&#8212;&nbsp; <a href=\"http:\/\/amap-pleurtuit.fr\/amapachamama\/wp-content\/uploads\/2014\/01\/calendrier.pdf\" target=\"_blank\" rel=\"noopener noreferrer\">calendrier_hiver_2014-2015<\/a><\/p>","protected":false},"excerpt":{"rendered":"<p>Vous trouverez ci-apr\u00e8s le calendrier pr\u00e9visionnel des distributions de&nbsp; la saison Hiver 2024-2025 &#8212;&#8212;&#8212;&#8212;&#8212;&#8212;&#8212;&#8212; Calendrier_Hiver_2024-2025 Vous trouverez ci-apr\u00e8s le calendrier des distributions de&nbsp; la saison Et\u00e9 2024 &#8212;&#8212;&#8212;&#8212;&#8212;&#8212;&#8212;&#8212; Calendrier_\u00c9t\u00e9_2024 Vous trouverez ci-apr\u00e8s le calendrier des distributions de&nbsp; la saison Hiver 2023-2024 &#8212;&#8212;&#8212;&#8212;&#8212;&#8212;&#8212;&#8212; Calendrier_Hiver_2023-2024 Vous trouverez ci-apr\u00e8s le calendrier des distributions de&nbsp; la saison \u00c9t\u00e9 2023 &hellip; <a href=\"https:\/\/amap-pleurtuit.fr\/amapachamama\/adhesion\/calendrier-distributions\/\" class=\"more-link\">Continuer la lecture de <span class=\"screen-reader-text\">Calendrier et Modalit\u00e9s Distributions<\/span> <span class=\"meta-nav\">&rarr;<\/span><\/a><\/p>\n","protected":false},"author":2,"featured_media":0,"parent":24,"menu_order":0,"comment_status":"closed","ping_status":"open","template":"","meta":{"footnotes":""},"class_list":["post-319","page","type-page","status-publish","hentry"],"_links":{"self":[{"href":"https:\/\/amap-pleurtuit.fr\/amapachamama\/wp-json\/wp\/v2\/pages\/319","targetHints":{"allow":["GET"]}}],"collection":[{"href":"https:\/\/amap-pleurtuit.fr\/amapachamama\/wp-json\/wp\/v2\/pages"}],"about":[{"href":"https:\/\/amap-pleurtuit.fr\/amapachamama\/wp-json\/wp\/v2\/types\/page"}],"author":[{"embeddable":true,"href":"https:\/\/amap-pleurtuit.fr\/amapachamama\/wp-json\/wp\/v2\/users\/2"}],"replies":[{"embeddable":true,"href":"https:\/\/amap-pleurtuit.fr\/amapachamama\/wp-json\/wp\/v2\/comments?post=319"}],"version-history":[{"count":82,"href":"https:\/\/amap-pleurtuit.fr\/amapachamama\/wp-json\/wp\/v2\/pages\/319\/revisions"}],"predecessor-version":[{"id":1300,"href":"https:\/\/amap-pleurtuit.fr\/amapachamama\/wp-json\/wp\/v2\/pages\/319\/revisions\/1300"}],"up":[{"embeddable":true,"href":"https:\/\/amap-pleurtuit.fr\/amapachamama\/wp-json\/wp\/v2\/pages\/24"}],"wp:attachment":[{"href":"https:\/\/amap-pleurtuit.fr\/amapachamama\/wp-json\/wp\/v2\/media?parent=319"}],"curies":[{"name":"wp","href":"https:\/\/api.w.org\/{rel}","templated":true}]}}