{"id":31,"date":"2013-11-04T12:24:05","date_gmt":"2013-11-04T11:24:05","guid":{"rendered":"http:\/\/amap-pleurtuit.fr\/amapachamama\/?page_id=31"},"modified":"2026-03-12T18:23:40","modified_gmt":"2026-03-12T17:23:40","slug":"adhesion-amap","status":"publish","type":"page","link":"https:\/\/amap-pleurtuit.fr\/amapachamama\/adhesion\/adhesion-amap\/","title":{"rendered":"Adh\u00e9sion AMAP"},"content":{"rendered":"\n<p>L&rsquo;adh\u00e9sion \u00e0 l&rsquo;AMAP est <strong>n\u00e9cessaire<\/strong> pour pouvoir souscrire un contrat avec un de nos producteurs. En cas de partage de panier entre deux&nbsp; personnes, l&rsquo;adh\u00e9sion des deux est requise.<\/p>\n\n\n\n<p>Elle est de 8 (huit) Euros par an. Le ch\u00e8que doit \u00eatre libell\u00e9 \u00e0 l&rsquo;ordre de \u00ab\u00a0AMAPachamama\u00a0\u00bb.<\/p>\n\n\n\n<p>Pour ceux <strong>qui n&rsquo;ont pas pay\u00e9 leur cotisation en 2026 <\/strong>, l&rsquo;adh\u00e9sion se fait par ce bordereau&nbsp; que vous pouvez imprimer, remplir et nous rendre lors d&rsquo;une distribution :&nbsp;<\/p>\n\n\n\n<p>&nbsp; &nbsp; &nbsp; &nbsp; &nbsp; &nbsp; &nbsp; &nbsp; &nbsp; &nbsp; &nbsp; &nbsp; &nbsp; &nbsp; &nbsp; &nbsp; &nbsp; &nbsp; &nbsp; &nbsp; &nbsp; &nbsp; &nbsp; &nbsp; &nbsp; &nbsp; &nbsp; &nbsp; &nbsp;&nbsp; <a href=\"https:\/\/amap-pleurtuit.fr\/amapachamama\/wp-content\/uploads\/2026\/03\/Adhesion_AMAP_2026.pdf\" data-type=\"URL\" data-id=\"https:\/\/amap-pleurtuit.fr\/amapachamama\/wp-content\/uploads\/2024\/01\/Adhesion_AMAP_2024.pdf\" target=\"_blank\" rel=\"noreferrer noopener\">Adh\u00e9sion_AMAP_2026<\/a><\/p>\n\n\n\n<p>La communication de vos coordonn\u00e9es (en particulier t\u00e9l\u00e9phoniques et \u00e9lectroniques) aux autres adh\u00e9rents de l&rsquo;association est d&rsquo;office sauf avis contraire explicite de votre part.<\/p>\n\n\n\n<p class=\"has-text-align-left\"><span style=\"color: #ff0000;\">Pour<strong> souscrire des contrats par Internet<\/strong>, il faut \u00eatre adh\u00e9rent de l&rsquo;association et se connecter au site (en cliquant sur ce lien ou en le saisissant dans votre navigateur)<\/span><\/p>\n\n\n\n<p><a href=\"https:\/\/contrats.amapj.fr\/p\/pleurtuit\" target=\"_blank\" rel=\"noreferrer noopener\">https:\/\/contrats.amapj.fr\/p\/pleurtuit<\/a><\/p>\n\n\n\n<p class=\"has-text-align-left\"><span style=\"color: #ff0000;\">en saisissant l&rsquo;Adresse Email que vous nous avez communiqu\u00e9e et le Mot de passe que vous avez d\u00fb recevoir suite \u00e0 votre adh\u00e9sion.<\/span><\/p>\n\n\n\n<p>&nbsp;<\/p>\n\n\n\n<p><\/p>\n","protected":false},"excerpt":{"rendered":"<p>L&rsquo;adh\u00e9sion \u00e0 l&rsquo;AMAP est n\u00e9cessaire pour pouvoir souscrire un contrat avec un de nos producteurs. En cas de partage de panier entre deux&nbsp; personnes, l&rsquo;adh\u00e9sion des deux est requise. Elle est de 8 (huit) Euros par an. Le ch\u00e8que doit \u00eatre libell\u00e9 \u00e0 l&rsquo;ordre de \u00ab\u00a0AMAPachamama\u00a0\u00bb. Pour ceux qui n&rsquo;ont pas pay\u00e9 leur cotisation en &hellip; <a href=\"https:\/\/amap-pleurtuit.fr\/amapachamama\/adhesion\/adhesion-amap\/\" class=\"more-link\">Continuer la lecture de <span class=\"screen-reader-text\">Adh\u00e9sion AMAP<\/span> <span class=\"meta-nav\">&rarr;<\/span><\/a><\/p>\n","protected":false},"author":2,"featured_media":0,"parent":24,"menu_order":10,"comment_status":"closed","ping_status":"closed","template":"","meta":{"footnotes":""},"class_list":["post-31","page","type-page","status-publish","hentry"],"_links":{"self":[{"href":"https:\/\/amap-pleurtuit.fr\/amapachamama\/wp-json\/wp\/v2\/pages\/31","targetHints":{"allow":["GET"]}}],"collection":[{"href":"https:\/\/amap-pleurtuit.fr\/amapachamama\/wp-json\/wp\/v2\/pages"}],"about":[{"href":"https:\/\/amap-pleurtuit.fr\/amapachamama\/wp-json\/wp\/v2\/types\/page"}],"author":[{"embeddable":true,"href":"https:\/\/amap-pleurtuit.fr\/amapachamama\/wp-json\/wp\/v2\/users\/2"}],"replies":[{"embeddable":true,"href":"https:\/\/amap-pleurtuit.fr\/amapachamama\/wp-json\/wp\/v2\/comments?post=31"}],"version-history":[{"count":46,"href":"https:\/\/amap-pleurtuit.fr\/amapachamama\/wp-json\/wp\/v2\/pages\/31\/revisions"}],"predecessor-version":[{"id":1312,"href":"https:\/\/amap-pleurtuit.fr\/amapachamama\/wp-json\/wp\/v2\/pages\/31\/revisions\/1312"}],"up":[{"embeddable":true,"href":"https:\/\/amap-pleurtuit.fr\/amapachamama\/wp-json\/wp\/v2\/pages\/24"}],"wp:attachment":[{"href":"https:\/\/amap-pleurtuit.fr\/amapachamama\/wp-json\/wp\/v2\/media?parent=31"}],"curies":[{"name":"wp","href":"https:\/\/api.w.org\/{rel}","templated":true}]}}