{"id":277,"date":"2015-02-20T16:18:02","date_gmt":"2015-02-20T15:18:02","guid":{"rendered":"http:\/\/amap-pleurtuit.fr\/amapachamama\/?page_id=277"},"modified":"2015-02-20T16:23:14","modified_gmt":"2015-02-20T15:23:14","slug":"charte-des-amap","status":"publish","type":"page","link":"https:\/\/amap-pleurtuit.fr\/amapachamama\/association\/charte-des-amap\/","title":{"rendered":"Charte des AMAP"},"content":{"rendered":"<div class=\"art-post-inner\">\n<div class=\"art-postcontent\">\n<div class=\"art-article\">\n<p><strong>LA NOUVELLE CHARTE DES AMAP est arriv\u00e9e en 2014 !<\/strong><\/p>\n<p style=\"text-align: justify;\">Lanc\u00e9 en juin 2012, le chantier participatif de r\u00e9\u00e9criture de la charte des AMAP a permis de red\u00e9finir ensemble les enjeux, valeurs, principes et r\u00e8gles qui concourent \u00e0 faire de l&rsquo;AMAP une alternative concr\u00e8te pour soutenir une agriculture vivante sur les territoires.<\/p>\n<p style=\"text-align: justify;\">A la suite d\u2019un processus de r\u00e9-\u00e9criture participative inter-r\u00e9gionale, qui a permis \u00e0 plusieurs centaines d&rsquo;AMAP de contribuer (paysans et amapiens), les Assises nationales pour la nouvelle charte (d\u00e9cembre 2013) ont conduit <strong>\u00e0 l&rsquo;\u00e9laboration d&rsquo;un texte clair, ouvert et politiquement tr\u00e8s solide.<\/strong><\/p>\n<p style=\"text-align: justify;\"><strong>Cette nouvelle charte a \u00e9t\u00e9 vot\u00e9e \u00e0 l&rsquo;unanimit\u00e9 en mars 2014 lors de l&rsquo;Assembl\u00e9e G\u00e9n\u00e9rale du MIRAMAP \u00e0 Rib\u00e9court en Picardie.<\/strong><\/p>\n<p><strong>LA CHARTE DES AMAP 2014 : <\/strong><\/p>\n<p>&#8211;\u00a0\u00a0\u00a0 <strong>cliquez sur le lien ci-apr\u00e8s \u00a0 :\u00a0 <\/strong><a href=\"http:\/\/amap-pleurtuit.fr\/amapachamama\/wp-content\/uploads\/2015\/02\/charte-des-amap-mars-2014.pdf\" target=\"_blank\">charte des amap mars 2014<\/a><\/p>\n<p>Cette charte est accompagn\u00e9e d&rsquo;un document explicatif sur le cheminement et les choix des termes employ\u00e9s, ce document s&rsquo;intitule : En chemin vers la charte des AMAP<\/p>\n<p><strong>En chemin vers la charte des AMAP : <\/strong><\/p>\n<p><strong>&#8211;\u00a0\u00a0 cliquez sur le lien ci-apr\u00e8s\u00a0 :\u00a0 <\/strong><a href=\"http:\/\/amap-pleurtuit.fr\/amapachamama\/wp-content\/uploads\/2015\/02\/chemin-vers-la-charte-2014-des-amap.pdf\" target=\"_blank\">chemin vers la charte 2014 des amap<\/a><\/p>\n<p>&nbsp;<\/p>\n<\/div>\n<\/div>\n<div class=\"cleared\"><\/div>\n<\/div>\n<div class=\"cleared\"><\/div>\n","protected":false},"excerpt":{"rendered":"<p>LA NOUVELLE CHARTE DES AMAP est arriv\u00e9e en 2014 ! Lanc\u00e9 en juin 2012, le chantier participatif de r\u00e9\u00e9criture de la charte des AMAP a permis de red\u00e9finir ensemble les enjeux, valeurs, principes et r\u00e8gles qui concourent \u00e0 faire de l&rsquo;AMAP une alternative concr\u00e8te pour soutenir une agriculture vivante sur les territoires. A la suite &hellip; <a href=\"https:\/\/amap-pleurtuit.fr\/amapachamama\/association\/charte-des-amap\/\" class=\"more-link\">Continuer la lecture de <span class=\"screen-reader-text\">Charte des AMAP<\/span> <span class=\"meta-nav\">&rarr;<\/span><\/a><\/p>\n","protected":false},"author":2,"featured_media":0,"parent":70,"menu_order":0,"comment_status":"closed","ping_status":"open","template":"","meta":{"footnotes":""},"class_list":["post-277","page","type-page","status-publish","hentry"],"_links":{"self":[{"href":"https:\/\/amap-pleurtuit.fr\/amapachamama\/wp-json\/wp\/v2\/pages\/277","targetHints":{"allow":["GET"]}}],"collection":[{"href":"https:\/\/amap-pleurtuit.fr\/amapachamama\/wp-json\/wp\/v2\/pages"}],"about":[{"href":"https:\/\/amap-pleurtuit.fr\/amapachamama\/wp-json\/wp\/v2\/types\/page"}],"author":[{"embeddable":true,"href":"https:\/\/amap-pleurtuit.fr\/amapachamama\/wp-json\/wp\/v2\/users\/2"}],"replies":[{"embeddable":true,"href":"https:\/\/amap-pleurtuit.fr\/amapachamama\/wp-json\/wp\/v2\/comments?post=277"}],"version-history":[{"count":3,"href":"https:\/\/amap-pleurtuit.fr\/amapachamama\/wp-json\/wp\/v2\/pages\/277\/revisions"}],"predecessor-version":[{"id":282,"href":"https:\/\/amap-pleurtuit.fr\/amapachamama\/wp-json\/wp\/v2\/pages\/277\/revisions\/282"}],"up":[{"embeddable":true,"href":"https:\/\/amap-pleurtuit.fr\/amapachamama\/wp-json\/wp\/v2\/pages\/70"}],"wp:attachment":[{"href":"https:\/\/amap-pleurtuit.fr\/amapachamama\/wp-json\/wp\/v2\/media?parent=277"}],"curies":[{"name":"wp","href":"https:\/\/api.w.org\/{rel}","templated":true}]}}