{"id":261,"date":"2014-09-23T09:16:51","date_gmt":"2014-09-23T07:16:51","guid":{"rendered":"http:\/\/amap-pleurtuit.fr\/amapachamama\/?page_id=261"},"modified":"2023-05-06T09:28:39","modified_gmt":"2023-05-06T07:28:39","slug":"adhesion-produits-laitiersfromages","status":"publish","type":"page","link":"https:\/\/amap-pleurtuit.fr\/amapachamama\/adhesion\/adhesion-produits-laitiersfromages\/","title":{"rendered":"Adh\u00e9sion Produits Laitiers\/Fromages"},"content":{"rendered":"\n<p>Voici le formulaire d&rsquo;adh\u00e9sion&nbsp; Fromages de ch\u00e8vre de la <strong>p\u00e9riode Printemps-\u00c9t\u00e9 2023<\/strong>, vous pouvez librement choisir les produits que vous d\u00e9sirez \u00e0 chaque distribution :<\/p>\n\n\n\n<p>&#8212;&#8212;&#8212;&#8212;&#8212;&#8212;&#8212;&#8212;&#8212;&#8212;&#8212;&#8212;&#8211; <a href=\"https:\/\/amap-pleurtuit.fr\/amapachamama\/wp-content\/uploads\/2023\/05\/Adhesion_Fromage_Printemps_Ete_2023.pdf\" target=\"_blank\" rel=\"noreferrer noopener\">Adh\u00e9sion_Fromage_Printemps_Ete_2023<\/a><\/p>\n\n\n\n<p>&#8212;&#8212;&#8212;&#8212;&#8212;&#8212;&#8212;&#8212;&#8212;&#8212;&#8212;&#8212;&#8211; <a href=\"https:\/\/amap-pleurtuit.fr\/amapachamama\/wp-content\/uploads\/2023\/05\/Adhesion_Viande_Cabri_Ete_2023.pdf\" target=\"_blank\" rel=\"noreferrer noopener\">Adh\u00e9sion_Viande_Cabri_Et\u00e9_2023<\/a><\/p>\n\n\n\n<p>Voici le formulaire d&rsquo;adh\u00e9sion&nbsp; Fromages de ch\u00e8vre de la <strong>p\u00e9riode automne 2022<\/strong>, vous pouvez librement choisir les produits que vous d\u00e9sirez \u00e0 chaque distribution :<\/p>\n\n\n\n<p>&#8212;&#8212;&#8212;&#8212;&#8212;&#8212;&#8212;&#8212;&#8212;&#8212;&#8212;&#8212;&#8211; <a href=\"https:\/\/amap-pleurtuit.fr\/amapachamama\/wp-content\/uploads\/2022\/09\/Adhesion_Fromage_Automne_2022.pdf\" target=\"_blank\" rel=\"noopener\">Adh\u00e9sion_Fromage_Automne_2022<\/a><\/p>\n\n\n\n<p>Voici le formulaire d&rsquo;adh\u00e9sion&nbsp; Fromages de ch\u00e8vre de la <strong>p\u00e9riode Printemps-Et\u00e9 2022<\/strong>, vous pouvez librement choisir les produits que vous d\u00e9sirez \u00e0 chaque distribution :<strong><br><\/strong><\/p>\n\n\n\n<p>&#8212;&#8212;&#8212;&#8212;&#8212;&#8212;&#8212;&#8212;&#8212;&#8212;&#8212;&#8212;- <a href=\"https:\/\/amap-pleurtuit.fr\/amapachamama\/wp-content\/uploads\/2022\/03\/Adhesion_Fromage_Printemps_Ete_2022.pdf\" target=\"_blank\" rel=\"noopener\">Adh\u00e9sion_Fromage_Printemps_Et\u00e9_2022<\/a><\/p>\n\n\n\n<p>Voici le formulaire d&rsquo;adh\u00e9sion&nbsp; Fromages de ch\u00e8vre de la <strong>p\u00e9riode automne 2021<\/strong>, vous pouvez librement choisir les produits que vous d\u00e9sirez \u00e0 chaque distribution :<strong><br><\/strong><\/p>\n\n\n\n<p>&#8212;&#8212;&#8212;&#8212;&#8212;&#8212;&#8212;&#8212;&#8212;&#8212;&#8212;&#8212;- <a href=\"https:\/\/amap-pleurtuit.fr\/amapachamama\/wp-content\/uploads\/2021\/08\/Adhesion_Fromage_Automne_2021.pdf\" target=\"_blank\" rel=\"noopener\">Adh\u00e9sion_Fromage_Automne_2021<\/a><\/p>\n\n\n\n<p>Voici le formulaire d&rsquo;adh\u00e9sion&nbsp; Fromages de ch\u00e8vre de la <strong>saison printemps-\u00e9t\u00e9 2021<\/strong>, vous pouvez librement choisir les produits que vous d\u00e9sirez \u00e0 chaque distribution :<strong><br><\/strong><\/p>\n\n\n\n<p>&#8212;&#8212;&#8212;&#8212;&#8212;&#8212;&#8212;&#8212;&#8212;&#8212;&#8212;&#8212;- <a href=\"https:\/\/amap-pleurtuit.fr\/amapachamama\/wp-content\/uploads\/2021\/02\/Adhesion_Fromage_Printemps-Ete_2021.pdf\" target=\"_blank\" rel=\"noopener\">Adh\u00e9sion_Fromage_Printemps-Et\u00e9_2021<\/a><\/p>\n\n\n\n<p><em>Si vous voulez imprimer ce document, faites le en format \u00ab\u00a0paysage\u00a0\u00bb.<\/em><\/p>\n\n\n\n<p>Voici le formulaire d&rsquo;adh\u00e9sion&nbsp; Fromages de ch\u00e8vre de la saison hiver 2020-2021, vous pouvez librement choisir les produits que vous d\u00e9sirez \u00e0 chaque distribution :<strong><br><\/strong><\/p>\n\n\n\n<p>&#8212;&#8212;&#8212;&#8212;&#8212;&#8212;&#8212;&#8212;&#8212;&#8212;&#8212;&#8212;- <a href=\"https:\/\/amap-pleurtuit.fr\/amapachamama\/wp-content\/uploads\/2020\/08\/Adhesion_Fromage_Hiver_2020_2021.pdf\" target=\"_blank\" rel=\"noopener noreferrer\">Adh\u00e9sion_Fromage_Hiver_2020_2021<\/a><\/p>\n\n\n\n<p>Voici le formulaire d&rsquo;adh\u00e9sion&nbsp; Fromages de ch\u00e8vre de la saison \u00e9t\u00e9 2020, vous pouvez librement choisir les produits que vous d\u00e9sirez \u00e0 chaque distribution :<strong><br><\/strong><\/p>\n\n\n\n<p>&#8212;&#8212;&#8212;&#8212;&#8212;&#8212;&#8212;&#8212;&#8212;&#8212;&#8212;&#8212;- <a href=\"https:\/\/amap-pleurtuit.fr\/amapachamama\/wp-content\/uploads\/2020\/02\/Adh\u00e9sion_Fromage_Et\u00e9_2020.pdf\" target=\"_blank\" rel=\"noopener noreferrer\">Adh\u00e9sion_Fromage_Et\u00e9_2020<\/a><\/p>\n\n\n\n<p>Voici le formulaire d&rsquo;adh\u00e9sion&nbsp; Fromages de ch\u00e8vre de la saison hiver 2019-2020, vous pouvez librement choisir les produits que vous d\u00e9sirez \u00e0 chaque distribution :<strong><br><\/strong><\/p>\n\n\n\n<p>&#8212;&#8212;&#8212;&#8212;&#8212;&#8212;&#8212;&#8212;&#8212;&#8212;&#8212;&#8212;&#8211;<a href=\"https:\/\/amap-pleurtuit.fr\/amapachamama\/wp-content\/uploads\/2019\/08\/Adh\u00e9sion_Fromage_Hiver_2019-2020-1.pdf\" target=\"_blank\" rel=\"noopener noreferrer\">Adh\u00e9sion_Fromage_Hiver_2019-2020<\/a><\/p>\n\n\n\n<p>Voici le formulaire d&rsquo;adh\u00e9sion&nbsp; Fromages de ch\u00e8vre de la saison \u00e9t\u00e9 2019 :<\/p>\n\n\n\n<p>&#8212;&#8212;&#8212;&#8212;&#8212;&#8212;&#8212;&#8212;&#8212;&#8212;&#8212;&#8212;&#8211;<a href=\"http:\/\/amap-pleurtuit.fr\/amapachamama\/wp-content\/uploads\/2019\/04\/Adh\u00e9sion-Fromage-Et\u00e9_2019.pdf\" target=\"_blank\" rel=\"noopener noreferrer\">Adh\u00e9sion-Fromage-Et\u00e9_2019<\/a><\/p>\n\n\n\n<p>Voici le formulaire d&rsquo;adh\u00e9sion&nbsp; Fromages de ch\u00e8vre de la saison hiver 2018-2019 :<\/p>\n\n\n\n<p>&#8212;&#8212;&#8212;&#8212;&#8212;&#8212;&#8212;&#8212;&#8212;&#8212;&#8212;&#8212;&#8211; <a href=\"http:\/\/amap-pleurtuit.fr\/amapachamama\/wp-content\/uploads\/2018\/09\/Adh\u00e9sion_Fromage_-Hiver_-2018-2019.pdf\" target=\"_blank\" rel=\"noopener noreferrer\">Adh\u00e9sion_Fromage_ Hiver_ 2018-2019<\/a><\/p>\n\n\n\n<p>Pour m\u00e9moire vous trouverez ci-dessous le formulaire d&rsquo;adh\u00e9sion de la saison \u00e9t\u00e9 2018 :<\/p>\n\n\n\n<p>&#8212;&#8212;&#8212;&#8212;&#8212;&#8212;&#8212;&#8212;&#8212;&#8212;&#8212;&#8212;- <a href=\"http:\/\/amap-pleurtuit.fr\/amapachamama\/wp-content\/uploads\/2018\/04\/adh\u00e9sion-Fromage-\u00e9t\u00e9-2018.pdf\" target=\"_blank\" rel=\"noopener noreferrer\">adh\u00e9sion Fromage \u00e9t\u00e9 2018<\/a><\/p>\n\n\n\n<p>Un <strong>nouveau producteur<\/strong> vous a propos\u00e9 une d\u00e9gustation de ses produits derni\u00e8rement : un <strong>nouveau contrat<\/strong> vient d&rsquo;\u00eatre r\u00e9dig\u00e9 auquel vous pouvez souscrire d\u00e8s maintenant :<\/p>\n\n\n\n<p>&#8212;&#8212;&#8212;&#8212;&#8212;&#8212;&#8212;&#8212;&#8212;&#8212;&#8212;&#8212;&#8211; <a href=\"http:\/\/amap-pleurtuit.fr\/amapachamama\/wp-content\/uploads\/2014\/09\/Adh\u00e9sion_Fromage_Hiver_2017-2018.pdf\" target=\"_blank\" rel=\"noopener noreferrer\">Adh\u00e9sion_Fromage_Hiver_2017-2018<\/a><\/p>\n\n\n\n<p>Le producteur ne fournira plus notre AMAP (\u00e0 partir de la <strong>saison prochaine hiver 2016-2017)<\/strong> pour des probl\u00e8mes de sant\u00e9 et de difficult\u00e9 \u00e0 trouver un salari\u00e9 qui accepte de travailler aux heures de distribution.<\/p>\n\n\n\n<p>Voici le formulaire d&rsquo;adh\u00e9sion&nbsp; Produits Laitiers\/Fromages pour la saison \u00e9t\u00e9 2016 :<\/p>\n\n\n\n<p>&#8212;&#8212;&#8212;&#8212;&#8212;&#8212;&#8212;&#8212;&#8212;&#8212;&#8212;&#8212;&#8211;&nbsp; <a href=\"http:\/\/amap-pleurtuit.fr\/amapachamama\/wp-content\/uploads\/2014\/09\/adh\u00e9sion_Produits_laitiers_\u00e9t\u00e9_2016.pdf\" target=\"_blank\" rel=\"noopener noreferrer\">adh\u00e9sion_Produits_laitiers_\u00e9t\u00e9_2016<\/a><\/p>\n\n\n\n<p>Seule la possibilit\u00e9 de composer soi m\u00eame son panier est offerte, ce qui laisse plus de souplesse \u00e0 l&rsquo;amapien. Un contrat ponctuel de viande de porc vous est propos\u00e9 pour une livraison, soit le 05 avril, soit le 19 avril 2016 :<\/p>\n\n\n\n<p>&#8212;&#8212;&#8212;&#8212;&#8212;&#8212;&#8212;&#8212;&#8212;&#8212;&#8212;&#8212;-&nbsp;&nbsp;<a href=\"http:\/\/amap-pleurtuit.fr\/amapachamama\/wp-content\/uploads\/2014\/09\/Contrat_porc_avril_2016.pdf\" target=\"_blank\" rel=\"noopener noreferrer\">Contrat_porc_avril_2016<\/a><\/p>\n\n\n\n<p>Les livraisons ont lieu <strong>toutes les deux semaines<\/strong> le mardi de 18h15 \u00e0 19h30. Voir le calendrier des distributions.<\/p>\n","protected":false},"excerpt":{"rendered":"<p>Voici le formulaire d&rsquo;adh\u00e9sion&nbsp; Fromages de ch\u00e8vre de la p\u00e9riode Printemps-\u00c9t\u00e9 2023, vous pouvez librement choisir les produits que vous d\u00e9sirez \u00e0 chaque distribution : &#8212;&#8212;&#8212;&#8212;&#8212;&#8212;&#8212;&#8212;&#8212;&#8212;&#8212;&#8212;&#8211; Adh\u00e9sion_Fromage_Printemps_Ete_2023 &#8212;&#8212;&#8212;&#8212;&#8212;&#8212;&#8212;&#8212;&#8212;&#8212;&#8212;&#8212;&#8211; Adh\u00e9sion_Viande_Cabri_Et\u00e9_2023 Voici le formulaire d&rsquo;adh\u00e9sion&nbsp; Fromages de ch\u00e8vre de la p\u00e9riode automne 2022, vous pouvez librement choisir les produits que vous d\u00e9sirez \u00e0 chaque distribution : &#8212;&#8212;&#8212;&#8212;&#8212;&#8212;&#8212;&#8212;&#8212;&#8212;&#8212;&#8212;&#8211; &hellip; <a href=\"https:\/\/amap-pleurtuit.fr\/amapachamama\/adhesion\/adhesion-produits-laitiersfromages\/\" class=\"more-link\">Continuer la lecture de <span class=\"screen-reader-text\">Adh\u00e9sion Produits Laitiers\/Fromages<\/span> <span class=\"meta-nav\">&rarr;<\/span><\/a><\/p>\n","protected":false},"author":2,"featured_media":0,"parent":24,"menu_order":0,"comment_status":"closed","ping_status":"open","template":"","meta":{"footnotes":""},"class_list":["post-261","page","type-page","status-publish","hentry"],"_links":{"self":[{"href":"https:\/\/amap-pleurtuit.fr\/amapachamama\/wp-json\/wp\/v2\/pages\/261","targetHints":{"allow":["GET"]}}],"collection":[{"href":"https:\/\/amap-pleurtuit.fr\/amapachamama\/wp-json\/wp\/v2\/pages"}],"about":[{"href":"https:\/\/amap-pleurtuit.fr\/amapachamama\/wp-json\/wp\/v2\/types\/page"}],"author":[{"embeddable":true,"href":"https:\/\/amap-pleurtuit.fr\/amapachamama\/wp-json\/wp\/v2\/users\/2"}],"replies":[{"embeddable":true,"href":"https:\/\/amap-pleurtuit.fr\/amapachamama\/wp-json\/wp\/v2\/comments?post=261"}],"version-history":[{"count":37,"href":"https:\/\/amap-pleurtuit.fr\/amapachamama\/wp-json\/wp\/v2\/pages\/261\/revisions"}],"predecessor-version":[{"id":1209,"href":"https:\/\/amap-pleurtuit.fr\/amapachamama\/wp-json\/wp\/v2\/pages\/261\/revisions\/1209"}],"up":[{"embeddable":true,"href":"https:\/\/amap-pleurtuit.fr\/amapachamama\/wp-json\/wp\/v2\/pages\/24"}],"wp:attachment":[{"href":"https:\/\/amap-pleurtuit.fr\/amapachamama\/wp-json\/wp\/v2\/media?parent=261"}],"curies":[{"name":"wp","href":"https:\/\/api.w.org\/{rel}","templated":true}]}}