{"id":24,"date":"2013-11-04T12:16:03","date_gmt":"2013-11-04T11:16:03","guid":{"rendered":"http:\/\/amap-pleurtuit.fr\/amapachamama\/?page_id=24"},"modified":"2019-08-30T14:45:27","modified_gmt":"2019-08-30T12:45:27","slug":"adhesion","status":"publish","type":"page","link":"https:\/\/amap-pleurtuit.fr\/amapachamama\/adhesion\/","title":{"rendered":"Adh\u00e9sion"},"content":{"rendered":"<p style=\"text-align: justify;\">Pour trouver le calendrier des distributions, voir le sous-menu \u00ab\u00a0Calendrier Distributions\u00a0\u00bb dans ce menu.<\/p>\n<p>Pour b\u00e9n\u00e9ficier des services de l&rsquo;AMAP, Il vous faut d&rsquo;abord adh\u00e9rer \u00e0 l&rsquo;association AMAP&rsquo;achamama, voir le sous-menu \u00ab\u00a0Adh\u00e9sion AMAP\u00a0\u00bb<\/p>\n<p>Puis souscrire un ou plusieurs contrats parmi ceux propos\u00e9s actuellement :<\/p>\n<p>Contrat L\u00e9gumes\u00a0\u00a0\u00a0\u00a0\u00a0\u00a0\u00a0\u00a0 \u00a0 \u00a0\u00a0\u00a0\u00a0\u00a0\u00a0\u00a0\u00a0\u00a0\u00a0\u00a0\u00a0\u00a0\u00a0\u00a0\u00a0\u00a0\u00a0\u00a0\u00a0\u00a0\u00a0\u00a0\u00a0\u00a0\u00a0\u00a0\u00a0\u00a0\u00a0\u00a0\u00a0\u00a0\u00a0\u00a0\u00a0\u00a0 voir le sous-menu \u00a0\u00bb Adh\u00e9sion L\u00e9gumes\u00a0\u00bb<\/p>\n<p>Contrat Pain \u00a0 \u00a0 \u00a0 \u00a0\u00a0 \u00a0\u00a0\u00a0\u00a0\u00a0\u00a0\u00a0\u00a0\u00a0\u00a0 \u00a0 \u00a0 \u00a0 \u00a0 \u00a0 \u00a0 \u00a0 \u00a0 \u00a0 \u00a0 \u00a0 \u00a0 \u00a0 \u00a0 \u00a0 \u00a0 \u00a0 \u00a0 \u00a0 voir le sous-menu \u00a0\u00bb Adh\u00e9sion Pain\u00a0\u00bb<\/p>\n<p>Contrat Poulet Oeufs\u00a0\u00a0 \u00a0 \u00a0 \u00a0 \u00a0 \u00a0 \u00a0 \u00a0 \u00a0 \u00a0 \u00a0 \u00a0 \u00a0 \u00a0 \u00a0 \u00a0 \u00a0 \u00a0 \u00a0 \u00a0 voir le sous-menu \u00a0\u00bb Adh\u00e9sion Poulet Oeufs\u00a0\u00bb<\/p>\n<p>Contrat Produits Laitiers\/Fromages\u00a0\u00a0\u00a0 \u00a0 \u00a0 \u00a0\u00a0 voir le sous-menu \u00a0\u00bb Adh\u00e9sion Produits Laitiers\/Fromages\u00a0\u00bb<\/p>\n<p>Contrat Pommes et Jus de Pommes\u00a0\u00a0 \u00a0 \u00a0 \u00a0\u00a0 voir le sous-menu \u00a0\u00bb Adh\u00e9sion Pommes et Jus de Pommes\u00a0\u00bb<\/p>\n","protected":false},"excerpt":{"rendered":"<p>Pour trouver le calendrier des distributions, voir le sous-menu \u00ab\u00a0Calendrier Distributions\u00a0\u00bb dans ce menu. Pour b\u00e9n\u00e9ficier des services de l&rsquo;AMAP, Il vous faut d&rsquo;abord adh\u00e9rer \u00e0 l&rsquo;association AMAP&rsquo;achamama, voir le sous-menu \u00ab\u00a0Adh\u00e9sion AMAP\u00a0\u00bb Puis souscrire un ou plusieurs contrats parmi ceux propos\u00e9s actuellement : Contrat L\u00e9gumes\u00a0\u00a0\u00a0\u00a0\u00a0\u00a0\u00a0\u00a0 \u00a0 \u00a0\u00a0\u00a0\u00a0\u00a0\u00a0\u00a0\u00a0\u00a0\u00a0\u00a0\u00a0\u00a0\u00a0\u00a0\u00a0\u00a0\u00a0\u00a0\u00a0\u00a0\u00a0\u00a0\u00a0\u00a0\u00a0\u00a0\u00a0\u00a0\u00a0\u00a0\u00a0\u00a0\u00a0\u00a0\u00a0\u00a0 voir le sous-menu \u00a0\u00bb Adh\u00e9sion L\u00e9gumes\u00a0\u00bb Contrat &hellip; <a href=\"https:\/\/amap-pleurtuit.fr\/amapachamama\/adhesion\/\" class=\"more-link\">Continuer la lecture de <span class=\"screen-reader-text\">Adh\u00e9sion<\/span> <span class=\"meta-nav\">&rarr;<\/span><\/a><\/p>\n","protected":false},"author":2,"featured_media":0,"parent":0,"menu_order":0,"comment_status":"closed","ping_status":"closed","template":"","meta":{"footnotes":""},"class_list":["post-24","page","type-page","status-publish","hentry"],"_links":{"self":[{"href":"https:\/\/amap-pleurtuit.fr\/amapachamama\/wp-json\/wp\/v2\/pages\/24","targetHints":{"allow":["GET"]}}],"collection":[{"href":"https:\/\/amap-pleurtuit.fr\/amapachamama\/wp-json\/wp\/v2\/pages"}],"about":[{"href":"https:\/\/amap-pleurtuit.fr\/amapachamama\/wp-json\/wp\/v2\/types\/page"}],"author":[{"embeddable":true,"href":"https:\/\/amap-pleurtuit.fr\/amapachamama\/wp-json\/wp\/v2\/users\/2"}],"replies":[{"embeddable":true,"href":"https:\/\/amap-pleurtuit.fr\/amapachamama\/wp-json\/wp\/v2\/comments?post=24"}],"version-history":[{"count":9,"href":"https:\/\/amap-pleurtuit.fr\/amapachamama\/wp-json\/wp\/v2\/pages\/24\/revisions"}],"predecessor-version":[{"id":815,"href":"https:\/\/amap-pleurtuit.fr\/amapachamama\/wp-json\/wp\/v2\/pages\/24\/revisions\/815"}],"wp:attachment":[{"href":"https:\/\/amap-pleurtuit.fr\/amapachamama\/wp-json\/wp\/v2\/media?parent=24"}],"curies":[{"name":"wp","href":"https:\/\/api.w.org\/{rel}","templated":true}]}}