{"id":21,"date":"2013-11-04T12:12:07","date_gmt":"2013-11-04T11:12:07","guid":{"rendered":"http:\/\/amap-pleurtuit.fr\/amapachamama\/?page_id=21"},"modified":"2019-02-12T11:37:16","modified_gmt":"2019-02-12T10:37:16","slug":"poulet-oeufs","status":"publish","type":"page","link":"https:\/\/amap-pleurtuit.fr\/amapachamama\/les-producteurs\/poulet-oeufs\/","title":{"rendered":"Poulet-Oeufs"},"content":{"rendered":"<p>Thibault MAZET a c\u00e9d\u00e9 son exploitation situ\u00e9e \u00e0 HENANBIHEN (Le Bois Gicquel) \u00e0 un repreneur dont voici les r\u00e9f\u00e9rences :<\/p>\n<p>EARL Le Bois Gicquel\u00a0\u00a0\u00a0\u00a0\u00a0\u00a0\u00a0 <strong>Benoit GICQUEL<\/strong><\/p>\n<p>mail :\u00a0 <span style=\"color: #ff0000;\">benoit.gicquel20@gmail.com<\/span>\u00a0 \u00a0 \u00a0 \u00a0 \u00a0 \u00a0 \u00a0 \u00a0 \u00a0 \u00a0\u00a0 Tel\u00e9phone : <span style=\"color: #ff0000;\"><strong>06 33 52 32 95<\/strong><\/span><\/p>\n<p style=\"text-align: center;\">\n<p style=\"text-align: justify;\">\n","protected":false},"excerpt":{"rendered":"<p>Thibault MAZET a c\u00e9d\u00e9 son exploitation situ\u00e9e \u00e0 HENANBIHEN (Le Bois Gicquel) \u00e0 un repreneur dont voici les r\u00e9f\u00e9rences : EARL Le Bois Gicquel\u00a0\u00a0\u00a0\u00a0\u00a0\u00a0\u00a0 Benoit GICQUEL mail :\u00a0 benoit.gicquel20@gmail.com\u00a0 \u00a0 \u00a0 \u00a0 \u00a0 \u00a0 \u00a0 \u00a0 \u00a0 \u00a0\u00a0 Tel\u00e9phone : 06 33 52 32 95<\/p>\n","protected":false},"author":2,"featured_media":0,"parent":104,"menu_order":30,"comment_status":"closed","ping_status":"closed","template":"","meta":{"footnotes":""},"class_list":["post-21","page","type-page","status-publish","hentry"],"_links":{"self":[{"href":"https:\/\/amap-pleurtuit.fr\/amapachamama\/wp-json\/wp\/v2\/pages\/21","targetHints":{"allow":["GET"]}}],"collection":[{"href":"https:\/\/amap-pleurtuit.fr\/amapachamama\/wp-json\/wp\/v2\/pages"}],"about":[{"href":"https:\/\/amap-pleurtuit.fr\/amapachamama\/wp-json\/wp\/v2\/types\/page"}],"author":[{"embeddable":true,"href":"https:\/\/amap-pleurtuit.fr\/amapachamama\/wp-json\/wp\/v2\/users\/2"}],"replies":[{"embeddable":true,"href":"https:\/\/amap-pleurtuit.fr\/amapachamama\/wp-json\/wp\/v2\/comments?post=21"}],"version-history":[{"count":9,"href":"https:\/\/amap-pleurtuit.fr\/amapachamama\/wp-json\/wp\/v2\/pages\/21\/revisions"}],"predecessor-version":[{"id":622,"href":"https:\/\/amap-pleurtuit.fr\/amapachamama\/wp-json\/wp\/v2\/pages\/21\/revisions\/622"}],"up":[{"embeddable":true,"href":"https:\/\/amap-pleurtuit.fr\/amapachamama\/wp-json\/wp\/v2\/pages\/104"}],"wp:attachment":[{"href":"https:\/\/amap-pleurtuit.fr\/amapachamama\/wp-json\/wp\/v2\/media?parent=21"}],"curies":[{"name":"wp","href":"https:\/\/api.w.org\/{rel}","templated":true}]}}