{"id":181,"date":"2014-02-20T17:54:31","date_gmt":"2014-02-20T16:54:31","guid":{"rendered":"http:\/\/amap-pleurtuit.fr\/amapachamama\/?page_id=181"},"modified":"2014-03-08T10:45:01","modified_gmt":"2014-03-08T09:45:01","slug":"nos-journaux","status":"publish","type":"page","link":"https:\/\/amap-pleurtuit.fr\/amapachamama\/nos-journaux\/","title":{"rendered":"Nos Journaux"},"content":{"rendered":"<p>Voici les journaux publi\u00e9s derni\u00e8rement par notre association \u00e0 destination des nos adh\u00e9rents :<\/p>\n<p><a href=\"http:\/\/amap-pleurtuit.fr\/amapachamama\/wp-content\/uploads\/2014\/02\/Journal-n\u00b012-f\u00e9vrier-2014.pdf\" target=\"_blank\">Journal n\u00b012 f\u00e9vrier 2014<\/a><\/p>\n<p><a href=\"http:\/\/amap-pleurtuit.fr\/amapachamama\/wp-content\/uploads\/2014\/02\/Journal-n\u00b011-septembre-2013.pdf\" target=\"_blank\">Journal n\u00b011 septembre 2013<\/a><\/p>\n<p><a href=\"http:\/\/amap-pleurtuit.fr\/amapachamama\/wp-content\/uploads\/2014\/02\/Journal-n\u00b010-mai-2013.pdf\" target=\"_blank\">Journal n\u00b010 mai 2013<\/a><\/p>\n<p><a href=\"http:\/\/amap-pleurtuit.fr\/amapachamama\/wp-content\/uploads\/2014\/02\/Journal-n\u00b09-janvier-2013.pdf\" target=\"_blank\">Journal n\u00b09 janvier 2013<\/a><\/p>\n","protected":false},"excerpt":{"rendered":"<p>Voici les journaux publi\u00e9s derni\u00e8rement par notre association \u00e0 destination des nos adh\u00e9rents : Journal n\u00b012 f\u00e9vrier 2014 Journal n\u00b011 septembre 2013 Journal n\u00b010 mai 2013 Journal n\u00b09 janvier 2013<\/p>\n","protected":false},"author":2,"featured_media":0,"parent":0,"menu_order":0,"comment_status":"closed","ping_status":"open","template":"","meta":{"footnotes":""},"class_list":["post-181","page","type-page","status-publish","hentry"],"_links":{"self":[{"href":"https:\/\/amap-pleurtuit.fr\/amapachamama\/wp-json\/wp\/v2\/pages\/181","targetHints":{"allow":["GET"]}}],"collection":[{"href":"https:\/\/amap-pleurtuit.fr\/amapachamama\/wp-json\/wp\/v2\/pages"}],"about":[{"href":"https:\/\/amap-pleurtuit.fr\/amapachamama\/wp-json\/wp\/v2\/types\/page"}],"author":[{"embeddable":true,"href":"https:\/\/amap-pleurtuit.fr\/amapachamama\/wp-json\/wp\/v2\/users\/2"}],"replies":[{"embeddable":true,"href":"https:\/\/amap-pleurtuit.fr\/amapachamama\/wp-json\/wp\/v2\/comments?post=181"}],"version-history":[{"count":4,"href":"https:\/\/amap-pleurtuit.fr\/amapachamama\/wp-json\/wp\/v2\/pages\/181\/revisions"}],"predecessor-version":[{"id":207,"href":"https:\/\/amap-pleurtuit.fr\/amapachamama\/wp-json\/wp\/v2\/pages\/181\/revisions\/207"}],"wp:attachment":[{"href":"https:\/\/amap-pleurtuit.fr\/amapachamama\/wp-json\/wp\/v2\/media?parent=181"}],"curies":[{"name":"wp","href":"https:\/\/api.w.org\/{rel}","templated":true}]}}