{"id":1113,"date":"2021-12-22T15:22:42","date_gmt":"2021-12-22T14:22:42","guid":{"rendered":"https:\/\/amap-pleurtuit.fr\/amapachamama\/?page_id=1113"},"modified":"2023-08-30T18:48:55","modified_gmt":"2023-08-30T16:48:55","slug":"autres-adhesions","status":"publish","type":"page","link":"https:\/\/amap-pleurtuit.fr\/amapachamama\/adhesion\/autres-adhesions\/","title":{"rendered":"Autres Adh\u00e9sions"},"content":{"rendered":"\n<p>Contrat Galettes, Cr\u00eapes et P\u00e2tes \u00e0 tarte Hiver 2023-2024 :<\/p>\n\n\n\n<p>&#8212;&#8212;&#8212;&#8212;&#8212;&#8212;&#8212;&#8212;&#8212;&#8212;-   <a rel=\"noreferrer noopener\" href=\"https:\/\/amap-pleurtuit.fr\/amapachamama\/wp-content\/uploads\/2023\/08\/Adhesion_Galettes_et_Crepes_Hiver_2023-2024.pdf\" target=\"_blank\">Contrat_Galettes_Hiver_2023-2024<\/a><\/p>\n\n\n\n<p><\/p>\n\n\n\n<p><\/p>\n\n\n\n<p>Pour les autres produits, les souscriptions se font seulement par internet sur le site d\u00e9di\u00e9 aux adh\u00e9rents.<\/p>\n","protected":false},"excerpt":{"rendered":"<p>Contrat Galettes, Cr\u00eapes et P\u00e2tes \u00e0 tarte Hiver 2023-2024 : &#8212;&#8212;&#8212;&#8212;&#8212;&#8212;&#8212;&#8212;&#8212;&#8212;- Contrat_Galettes_Hiver_2023-2024 Pour les autres produits, les souscriptions se font seulement par internet sur le site d\u00e9di\u00e9 aux adh\u00e9rents.<\/p>\n","protected":false},"author":2,"featured_media":0,"parent":24,"menu_order":0,"comment_status":"closed","ping_status":"closed","template":"","meta":{"footnotes":""},"class_list":["post-1113","page","type-page","status-publish","hentry"],"_links":{"self":[{"href":"https:\/\/amap-pleurtuit.fr\/amapachamama\/wp-json\/wp\/v2\/pages\/1113","targetHints":{"allow":["GET"]}}],"collection":[{"href":"https:\/\/amap-pleurtuit.fr\/amapachamama\/wp-json\/wp\/v2\/pages"}],"about":[{"href":"https:\/\/amap-pleurtuit.fr\/amapachamama\/wp-json\/wp\/v2\/types\/page"}],"author":[{"embeddable":true,"href":"https:\/\/amap-pleurtuit.fr\/amapachamama\/wp-json\/wp\/v2\/users\/2"}],"replies":[{"embeddable":true,"href":"https:\/\/amap-pleurtuit.fr\/amapachamama\/wp-json\/wp\/v2\/comments?post=1113"}],"version-history":[{"count":6,"href":"https:\/\/amap-pleurtuit.fr\/amapachamama\/wp-json\/wp\/v2\/pages\/1113\/revisions"}],"predecessor-version":[{"id":1253,"href":"https:\/\/amap-pleurtuit.fr\/amapachamama\/wp-json\/wp\/v2\/pages\/1113\/revisions\/1253"}],"up":[{"embeddable":true,"href":"https:\/\/amap-pleurtuit.fr\/amapachamama\/wp-json\/wp\/v2\/pages\/24"}],"wp:attachment":[{"href":"https:\/\/amap-pleurtuit.fr\/amapachamama\/wp-json\/wp\/v2\/media?parent=1113"}],"curies":[{"name":"wp","href":"https:\/\/api.w.org\/{rel}","templated":true}]}}