{"id":1110,"date":"2021-12-22T15:20:07","date_gmt":"2021-12-22T14:20:07","guid":{"rendered":"https:\/\/amap-pleurtuit.fr\/amapachamama\/?page_id=1110"},"modified":"2021-12-22T17:37:06","modified_gmt":"2021-12-22T16:37:06","slug":"autres-producteurs","status":"publish","type":"page","link":"https:\/\/amap-pleurtuit.fr\/amapachamama\/les-producteurs\/autres-producteurs\/","title":{"rendered":"Autres Producteurs"},"content":{"rendered":"\n<p><span class=\"has-inline-color has-medium-orange-color\">Champignons de Paris et Pleurotes<\/span> :<\/p>\n\n\n\n<p>&#8212;&#8211; Saveur Champignon  : Karl et Mathias LEBESLOURD<\/p>\n\n\n\n<p><span class=\"has-inline-color has-medium-orange-color\">Galettes, Cr\u00eapes et P\u00e2tes<\/span><span class=\"has-inline-color has-medium-orange-color\"><\/span> :<\/p>\n\n\n\n<p>&#8212;&#8211; Charlotte LECORGUILLE<\/p>\n\n\n\n<p><span class=\"has-inline-color has-medium-orange-color\">Farine de bl\u00e9, sarrasin, &#8230;.<\/span> :<\/p>\n\n\n\n<p>&#8212;&#8211; Tanguy POMMERET<\/p>\n\n\n\n<p><span class=\"has-inline-color has-medium-orange-color\">Cidre<\/span> :<\/p>\n\n\n\n<p>&#8212;&#8211; Ferme du Beau Soleil : Thomas RENOUARD<\/p>\n\n\n\n<p><span class=\"has-inline-color has-medium-orange-color\">Viande de Porc<\/span> :<\/p>\n\n\n\n<p>&#8212;&#8211; Ferme du Biez Jean : Flora GENTET<\/p>\n\n\n\n<p><span class=\"has-inline-color has-medium-orange-color\">Tisanes<\/span> :<\/p>\n\n\n\n<p>&#8212;&#8211; Lill aux Herbes : Fran\u00e7oise GRALL<\/p>\n\n\n\n<p><span class=\"has-inline-color has-medium-orange-color\">Bi\u00e8re Bosco<\/span> :<\/p>\n\n\n\n<p>&#8212;&#8211; Justine PICHOT<\/p>\n\n\n\n<p><span class=\"has-inline-color has-medium-orange-color\">Bi\u00e8re Plouc<\/span> :<\/p>\n\n\n\n<p>&#8212;&#8211; Thomas BOUCHERON<\/p>\n","protected":false},"excerpt":{"rendered":"<p>Champignons de Paris et Pleurotes : &#8212;&#8211; Saveur Champignon : Karl et Mathias LEBESLOURD Galettes, Cr\u00eapes et P\u00e2tes : &#8212;&#8211; Charlotte LECORGUILLE Farine de bl\u00e9, sarrasin, &#8230;. : &#8212;&#8211; Tanguy POMMERET Cidre : &#8212;&#8211; Ferme du Beau Soleil : Thomas RENOUARD Viande de Porc : &#8212;&#8211; Ferme du Biez Jean : Flora GENTET Tisanes : &hellip; <a href=\"https:\/\/amap-pleurtuit.fr\/amapachamama\/les-producteurs\/autres-producteurs\/\" class=\"more-link\">Continuer la lecture de <span class=\"screen-reader-text\">Autres Producteurs<\/span> <span class=\"meta-nav\">&rarr;<\/span><\/a><\/p>\n","protected":false},"author":2,"featured_media":0,"parent":104,"menu_order":0,"comment_status":"closed","ping_status":"closed","template":"","meta":{"footnotes":""},"class_list":["post-1110","page","type-page","status-publish","hentry"],"_links":{"self":[{"href":"https:\/\/amap-pleurtuit.fr\/amapachamama\/wp-json\/wp\/v2\/pages\/1110","targetHints":{"allow":["GET"]}}],"collection":[{"href":"https:\/\/amap-pleurtuit.fr\/amapachamama\/wp-json\/wp\/v2\/pages"}],"about":[{"href":"https:\/\/amap-pleurtuit.fr\/amapachamama\/wp-json\/wp\/v2\/types\/page"}],"author":[{"embeddable":true,"href":"https:\/\/amap-pleurtuit.fr\/amapachamama\/wp-json\/wp\/v2\/users\/2"}],"replies":[{"embeddable":true,"href":"https:\/\/amap-pleurtuit.fr\/amapachamama\/wp-json\/wp\/v2\/comments?post=1110"}],"version-history":[{"count":3,"href":"https:\/\/amap-pleurtuit.fr\/amapachamama\/wp-json\/wp\/v2\/pages\/1110\/revisions"}],"predecessor-version":[{"id":1120,"href":"https:\/\/amap-pleurtuit.fr\/amapachamama\/wp-json\/wp\/v2\/pages\/1110\/revisions\/1120"}],"up":[{"embeddable":true,"href":"https:\/\/amap-pleurtuit.fr\/amapachamama\/wp-json\/wp\/v2\/pages\/104"}],"wp:attachment":[{"href":"https:\/\/amap-pleurtuit.fr\/amapachamama\/wp-json\/wp\/v2\/media?parent=1110"}],"curies":[{"name":"wp","href":"https:\/\/api.w.org\/{rel}","templated":true}]}}