{"id":109,"date":"2014-01-21T14:31:34","date_gmt":"2014-01-21T13:31:34","guid":{"rendered":"http:\/\/amap-pleurtuit.fr\/amapachamama\/?page_id=109"},"modified":"2014-02-20T17:27:56","modified_gmt":"2014-02-20T16:27:56","slug":"liens","status":"publish","type":"page","link":"https:\/\/amap-pleurtuit.fr\/amapachamama\/liens\/","title":{"rendered":"Liens"},"content":{"rendered":"<p>Liens vers des sites institutionnels des AMAP<\/p>\n<p>&#8211;\u00a0 <a title=\"MIRAMAP\" href=\"http:\/\/www.miramap.org\" target=\"_blank\">MIRAMAP (Mouvement Inter-R\u00e9gional des AMAP)<\/a><\/p>\n<p>&#8211;\u00a0 <a href=\"http:\/\/www.amap-armorique.fr\" target=\"_blank\">AMAP d&rsquo;ARMORIQUE (R\u00e9seau des AMAP 35 et 22)<\/a><\/p>\n<p>&#8211; <a href=\"http:\/\/www.reseau-amap.org\" target=\"_blank\">Annuaire National des AMAP<\/a><\/p>\n<p>&#8211; <a title=\"FAMAPP \" href=\"http:\/\/www.amap-picardie.org\" target=\"_blank\">FAMAPP (F\u00e9d\u00e9ration des AMAP de Picardie)<\/a><\/p>\n<p>&nbsp;<\/p>\n<p>&nbsp;<\/p>\n","protected":false},"excerpt":{"rendered":"<p>Liens vers des sites institutionnels des AMAP &#8211;\u00a0 MIRAMAP (Mouvement Inter-R\u00e9gional des AMAP) &#8211;\u00a0 AMAP d&rsquo;ARMORIQUE (R\u00e9seau des AMAP 35 et 22) &#8211; Annuaire National des AMAP &#8211; FAMAPP (F\u00e9d\u00e9ration des AMAP de Picardie) &nbsp; &nbsp;<\/p>\n","protected":false},"author":2,"featured_media":0,"parent":0,"menu_order":0,"comment_status":"closed","ping_status":"open","template":"","meta":{"footnotes":""},"class_list":["post-109","page","type-page","status-publish","hentry"],"_links":{"self":[{"href":"https:\/\/amap-pleurtuit.fr\/amapachamama\/wp-json\/wp\/v2\/pages\/109","targetHints":{"allow":["GET"]}}],"collection":[{"href":"https:\/\/amap-pleurtuit.fr\/amapachamama\/wp-json\/wp\/v2\/pages"}],"about":[{"href":"https:\/\/amap-pleurtuit.fr\/amapachamama\/wp-json\/wp\/v2\/types\/page"}],"author":[{"embeddable":true,"href":"https:\/\/amap-pleurtuit.fr\/amapachamama\/wp-json\/wp\/v2\/users\/2"}],"replies":[{"embeddable":true,"href":"https:\/\/amap-pleurtuit.fr\/amapachamama\/wp-json\/wp\/v2\/comments?post=109"}],"version-history":[{"count":9,"href":"https:\/\/amap-pleurtuit.fr\/amapachamama\/wp-json\/wp\/v2\/pages\/109\/revisions"}],"predecessor-version":[{"id":179,"href":"https:\/\/amap-pleurtuit.fr\/amapachamama\/wp-json\/wp\/v2\/pages\/109\/revisions\/179"}],"wp:attachment":[{"href":"https:\/\/amap-pleurtuit.fr\/amapachamama\/wp-json\/wp\/v2\/media?parent=109"}],"curies":[{"name":"wp","href":"https:\/\/api.w.org\/{rel}","templated":true}]}}