{"id":104,"date":"2014-01-21T14:26:58","date_gmt":"2014-01-21T13:26:58","guid":{"rendered":"http:\/\/amap-pleurtuit.fr\/amapachamama\/?page_id=104"},"modified":"2019-08-30T14:43:05","modified_gmt":"2019-08-30T12:43:05","slug":"les-producteurs","status":"publish","type":"page","link":"https:\/\/amap-pleurtuit.fr\/amapachamama\/les-producteurs\/","title":{"rendered":"Les Producteurs"},"content":{"rendered":"<p>En sous-\u00e9l\u00e9ments de cette rubrique, vous trouverez des informations sur chacun de nos producteurs<\/p>\n<p>&#8211; L\u00e9gumes<\/p>\n<p>&#8211; Pain<\/p>\n<p>&#8211; Poulet-Oeufs<\/p>\n<p>&#8211; Fromages Produits Laitiers<\/p>\n<p>&#8211; Pommes et Jus de Pommes<\/p>\n","protected":false},"excerpt":{"rendered":"<p>En sous-\u00e9l\u00e9ments de cette rubrique, vous trouverez des informations sur chacun de nos producteurs &#8211; L\u00e9gumes &#8211; Pain &#8211; Poulet-Oeufs &#8211; Fromages Produits Laitiers &#8211; Pommes et Jus de Pommes<\/p>\n","protected":false},"author":2,"featured_media":0,"parent":0,"menu_order":0,"comment_status":"closed","ping_status":"open","template":"","meta":{"footnotes":""},"class_list":["post-104","page","type-page","status-publish","hentry"],"_links":{"self":[{"href":"https:\/\/amap-pleurtuit.fr\/amapachamama\/wp-json\/wp\/v2\/pages\/104","targetHints":{"allow":["GET"]}}],"collection":[{"href":"https:\/\/amap-pleurtuit.fr\/amapachamama\/wp-json\/wp\/v2\/pages"}],"about":[{"href":"https:\/\/amap-pleurtuit.fr\/amapachamama\/wp-json\/wp\/v2\/types\/page"}],"author":[{"embeddable":true,"href":"https:\/\/amap-pleurtuit.fr\/amapachamama\/wp-json\/wp\/v2\/users\/2"}],"replies":[{"embeddable":true,"href":"https:\/\/amap-pleurtuit.fr\/amapachamama\/wp-json\/wp\/v2\/comments?post=104"}],"version-history":[{"count":5,"href":"https:\/\/amap-pleurtuit.fr\/amapachamama\/wp-json\/wp\/v2\/pages\/104\/revisions"}],"predecessor-version":[{"id":814,"href":"https:\/\/amap-pleurtuit.fr\/amapachamama\/wp-json\/wp\/v2\/pages\/104\/revisions\/814"}],"wp:attachment":[{"href":"https:\/\/amap-pleurtuit.fr\/amapachamama\/wp-json\/wp\/v2\/media?parent=104"}],"curies":[{"name":"wp","href":"https:\/\/api.w.org\/{rel}","templated":true}]}}